{"id":68034,"date":"2023-06-14T10:47:23","date_gmt":"2023-06-14T07:47:23","guid":{"rendered":"https:\/\/chisinaucentru.md\/?page_id=68034"},"modified":"2026-04-23T09:43:31","modified_gmt":"2026-04-23T06:43:31","slug":"prevenirea-coruptiei","status":"publish","type":"page","link":"https:\/\/chisinaucentru.md\/en\/prevenirea-coruptiei\/","title":{"rendered":"Integritate \u0219i anticorup\u021bie"},"content":{"rendered":"<div class=\"vc_row wpb_row vc_row-fluid dt-default\" style=\"margin-top: 0px;margin-bottom: 0px\"><div class=\"wpb_column vc_column_container vc_col-sm-12\"><div class=\"vc_column-inner\"><div class=\"wpb_wrapper\">\n\t<div class=\"wpb_raw_code wpb_content_element wpb_raw_html\" >\n\t\t<div class=\"wpb_wrapper\">\n\t\t\t<div class=\"common_wrapper\">\n\n   <div class=\"common_s\">\n        <div class=\"image_c\"><img src=\"https:\/\/chisinaucentru.md\/wp-content\/uploads\/2022\/09\/LOGO-2.svg\"><\/div>\n        <div class=\"col2\">\n            <div class=\"title_c\">Raport de progres la Planul de integritate, Semestrul II, 2025<\/div>\n            <a class=\"descarca\" href=\"https:\/\/chisinaucentru.md\/wp-content\/uploads\/2026\/04\/Raport_de_progres_la_Planul_de_integritate_Semestrul_II_2025_compressed.pdf\" target=\"_blank\">Descarc\u0103<\/a>\n        <\/div>\n    <\/div>\n\n    <div class=\"common_s\">\n        <div class=\"image_c\"><img src=\"https:\/\/chisinaucentru.md\/wp-content\/uploads\/2022\/09\/LOGO-2.svg\"><\/div>\n        <div class=\"col2\">\n            <div class=\"title_c\">Raport de progres la Planul de integritate, Semestrul I, 2025<\/div>\n            <a class=\"descarca\" href=\"https:\/\/chisinaucentru.md\/wp-content\/uploads\/2025\/09\/Raport-de-progres-la-Planul-de-integritate-2025.pdf\" target=\"_blank\">Descarc\u0103<\/a>\n        <\/div>\n    <\/div>\n\n  <div class=\"common_s\">\n        <div class=\"image_c\"><img src=\"https:\/\/chisinaucentru.md\/wp-content\/uploads\/2022\/09\/LOGO-2.svg\"><\/div>\n        <div class=\"col2\">\n            <div class=\"title_c\">Plan de integritate 2025<\/div>\n            <a class=\"descarca\" href=\"https:\/\/chisinaucentru.md\/wp-content\/uploads\/2025\/03\/Plan-de-integritate-2025.pdf\" target=\"_blank\">Descarc\u0103<\/a>\n        <\/div>\n    <\/div>\n\n\n    <div class=\"common_s\">\n        <div class=\"image_c\"><img src=\"https:\/\/chisinaucentru.md\/wp-content\/uploads\/2022\/09\/LOGO-2.svg\"><\/div>\n        <div class=\"col2\">\n            <div class=\"title_c\">Constituirea Comisiei de eviden\u021b\u0103 \u0219i evaluare a cadourilor \u0219i organizarea activit\u0103\u021bii aferente respect\u0103rii regimului juridic al cadourilor \u00een cadrul Preturii sectorului Centru <\/div>\n            <a class=\"descarca\" href=\"https:\/\/chisinaucentru.md\/wp-content\/uploads\/2024\/05\/Constituirea-Comisiei-de-evidenta-si-evaluare-a-cadourilor-si-organizarea-activitatii-aferente-respectarii-regimului-juridic-al-cadourilor-in-cadrul-Preturii-sectorului-Centru-.pdf\" target=\"_blank\">Descarc\u0103<\/a>\n        <\/div>\n    <\/div>\n<\/div>\n\t\t<\/div>\n\t<\/div>\n<\/div><\/div><\/div><\/div><div class=\"vc_row wpb_row vc_row-fluid dt-default\" style=\"margin-top: 0px;margin-bottom: 0px\"><div class=\"wpb_column vc_column_container vc_col-sm-12\"><div class=\"vc_column-inner\"><div class=\"wpb_wrapper\">\n\t<div class=\"wpb_text_column wpb_content_element  vc_custom_1776926315402\" >\n\t\t<div class=\"wpb_wrapper\">\n\t\t\t<h2>Regulamente<\/h2>\n\n\t\t<\/div>\n\t<\/div>\n<\/div><\/div><\/div><\/div><div class=\"vc_row wpb_row vc_row-fluid dt-default\" style=\"margin-top: 0px;margin-bottom: 0px\"><div class=\"wpb_column vc_column_container vc_col-sm-12\"><div class=\"vc_column-inner\"><div class=\"wpb_wrapper\">\n\t<div class=\"wpb_raw_code wpb_content_element wpb_raw_html\" >\n\t\t<div class=\"wpb_wrapper\">\n\t\t\t<table class=\"alignleft\" style=\"border-collapse: collapse; border: none;\">\n<tbody>\n<tr style=\"height: 14.0pt;\">\n<td style=\"width: 650.0pt; border: solid windowtext 1.0pt; border-left: none; padding: 0cm 5.4pt 0cm 5.4pt;\" rowspan=\"2\" bgcolor=\"#1e73be\" width=\"264\">\n<span style=\"color: #ffffff;\"><strong>Titlu<\/strong><\/span>\n<\/td>\n<td style=\"width: 70.0pt; border: solid windowtext 1.0pt; border-left: none; padding: 0cm 5.4pt 0cm 5.4pt;\" rowspan=\"2\" bgcolor=\"#1e73be\" width=\"100\">\n<span style=\"color: #ffffff;\"><strong>Descarc\u0103<\/strong><\/span>\n<\/td>\n<td style=\"height: 14.0pt; border: none;\" width=\"0\"><\/td>\n<\/tr>\n<tr style=\"height: 14.0pt;\">\n<td style=\"height: 14.0pt; border: none;\" width=\"0\"><\/td>\n<\/tr>\n<tr>\n<td style=\"width: 263.6pt; border-top: none; border-bottom: 1pt solid windowtext; border-right: 1pt solid windowtext; border-left: 1pt solid windowtext;  padding: 0cm 5.4pt; width=\"264\">Regulament privind gestionarea func\u021biilor sensibile<\/td>\n<td style=\"width: 5cm; border-top: none; border-left: none; border-bottom: 1pt solid windowtext; border-right: 1pt solid windowtext; padding: 0cm 5.4pt; width=\"142\"><a href=\"https:\/\/chisinaucentru.md\/wp-content\/uploads\/2026\/03\/Regulament-privind-gestionarea-functiilor-sensibile_compressed.pdf\" target=\"_blank\" rel=\"noopener\">click aici<\/a><\/td>\n<\/tr>\n<tr>\n<td style=\"width: 263.6pt; border-top: none; border-bottom: 1pt solid windowtext; border-right: 1pt solid windowtext; border-left: 1pt solid windowtext;  padding: 0cm 5.4pt; width=\"264\">Regulament privind avertizorii de integritate<\/td>\n<td style=\"width: 5cm; border-top: none; border-left: none; border-bottom: 1pt solid windowtext; border-right: 1pt solid windowtext; padding: 0cm 5.4pt; width=\"142\"><a href=\"https:\/\/chisinaucentru.md\/wp-content\/uploads\/2026\/03\/Regulament-privind-avertizorii-de-integritate_compressed.pdf\" target=\"_blank\" rel=\"noopener\">click aici<\/a><\/td>\n<\/tr>\n<tr>\n<td style=\"width: 263.6pt; border-top: none; border-bottom: 1pt solid windowtext; border-right: 1pt solid windowtext; border-left: 1pt solid windowtext;  padding: 0cm 5.4pt; width=\"264\">Regulament pentru eviden\u021ba cazurilor de influent\u0326a\u0306 necorespunz\u0103toare<\/td>\n<td style=\"width: 5cm; border-top: none; border-left: none; border-bottom: 1pt solid windowtext; border-right: 1pt solid windowtext; padding: 0cm 5.4pt; width=\"142\"><a href=\"https:\/\/chisinaucentru.md\/wp-content\/uploads\/2025\/09\/Regulament-pentru-evidenta_compressed.pdf\" target=\"_blank\" rel=\"noopener\">click aici<\/a><\/td>\n<\/tr>\n<\/tbody>\n<\/table>\n\t\t<\/div>\n\t<\/div>\n<\/div><\/div><\/div><\/div><div class=\"vc_row wpb_row vc_row-fluid dt-default\" style=\"margin-top: 0px;margin-bottom: 0px\"><div class=\"wpb_column vc_column_container vc_col-sm-12\"><div class=\"vc_column-inner\"><div class=\"wpb_wrapper\">\n\t<div class=\"wpb_text_column wpb_content_element  vc_custom_1758529328787\" >\n\t\t<div class=\"wpb_wrapper\">\n\t\t\t<h2>Registre<\/h2>\n\n\t\t<\/div>\n\t<\/div>\n<\/div><\/div><\/div><\/div><div class=\"vc_row wpb_row vc_row-fluid dt-default\" style=\"margin-top: 0px;margin-bottom: 0px\"><div class=\"wpb_column vc_column_container vc_col-sm-12\"><div class=\"vc_column-inner\"><div class=\"wpb_wrapper\">\n\t<div class=\"wpb_raw_code wpb_content_element wpb_raw_html\" >\n\t\t<div class=\"wpb_wrapper\">\n\t\t\t<table class=\"alignleft\" style=\"border-collapse: collapse; border: none;\">\n<tbody>\n<tr style=\"height: 14.0pt;\">\n<td style=\"width: 650.0pt; border: solid windowtext 1.0pt; border-left: none; padding: 0cm 5.4pt 0cm 5.4pt;\" rowspan=\"2\" bgcolor=\"#1e73be\" width=\"264\">\n<span style=\"color: #ffffff;\"><strong>Titlu<\/strong><\/span>\n<\/td>\n<td style=\"width: 70.0pt; border: solid windowtext 1.0pt; border-left: none; padding: 0cm 5.4pt 0cm 5.4pt;\" rowspan=\"2\" bgcolor=\"#1e73be\" width=\"100\">\n<span style=\"color: #ffffff;\"><strong>Descarc\u0103<\/strong><\/span>\n<\/td>\n<td style=\"height: 14.0pt; border: none;\" width=\"0\"><\/td>\n<\/tr>\n<tr style=\"height: 14.0pt;\">\n<td style=\"height: 14.0pt; border: none;\" width=\"0\"><\/td>\n<\/tr>\n<tr>\n<td style=\"width: 263.6pt; border-top: none; border-bottom: 1pt solid windowtext; border-right: 1pt solid windowtext; border-left: 1pt solid windowtext;  padding: 0cm 5.4pt; width=\"264\">Registrul cadourilor admisibile, trimestrul I, 2026<\/td>\n<td style=\"width: 5cm; border-top: none; border-left: none; border-bottom: 1pt solid windowtext; border-right: 1pt solid windowtext; padding: 0cm 5.4pt; width=\"142\"><a href=\"https:\/\/chisinaucentru.md\/wp-content\/uploads\/2026\/04\/Registrul-cadourilor-admisibile-trimestrul-I-2026.pdf\" target=\"_blank\" rel=\"noopener\">click aici<\/a><\/td>\n<\/tr>\n<tr>\n<td style=\"width: 263.6pt; border-top: none; border-bottom: 1pt solid windowtext; border-right: 1pt solid windowtext; border-left: 1pt solid windowtext;  padding: 0cm 5.4pt; width=\"264\">Registrul cadourilor inadmisibile 2026<\/td>\n<td style=\"width: 5cm; border-top: none; border-left: none; border-bottom: 1pt solid windowtext; border-right: 1pt solid windowtext; padding: 0cm 5.4pt; width=\"142\"><a href=\"https:\/\/chisinaucentru.md\/wp-content\/uploads\/2026\/04\/Registrul-cadourilor-inadmisibile-2026.pdf\" target=\"_blank\" rel=\"noopener\">click aici<\/a><\/td>\n<\/tr>\n<tr>\n<td style=\"width: 263.6pt; border-top: none; border-bottom: 1pt solid windowtext; border-right: 1pt solid windowtext; border-left: 1pt solid windowtext;  padding: 0cm 5.4pt; width=\"264\">Registrul cadourilor admisibile, trimestrul I, II, III, IV, 2025<\/td>\n<td style=\"width: 5cm; border-top: none; border-left: none; border-bottom: 1pt solid windowtext; border-right: 1pt solid windowtext; padding: 0cm 5.4pt; width=\"142\"><a href=\"\/wp-content\/uploads\/2026\/02\/Registrul_cadourilor_admisibile_trimestrul_I_II_III_IV_2025.pdf\" target=\"_blank\" rel=\"noopener\">click aici<\/a><\/td>\n<\/tr>\n<tr>\n<td style=\"width: 263.6pt; border-top: none; border-bottom: 1pt solid windowtext; border-right: 1pt solid windowtext; border-left: 1pt solid windowtext;  padding: 0cm 5.4pt; width=\"264\">Registrul cadourilor inadmisibile 2025<\/td>\n<td style=\"width: 5cm; border-top: none; border-left: none; border-bottom: 1pt solid windowtext; border-right: 1pt solid windowtext; padding: 0cm 5.4pt; width=\"142\"><a href=\"\/wp-content\/uploads\/2026\/02\/Registrul-cadourilor-inadmisibile.pdf\" target=\"_blank\" rel=\"noopener\">click aici<\/a><\/td>\n<\/tr>\n<tr>\n<td style=\"width: 263.6pt; border-top: none; border-bottom: 1pt solid windowtext; border-right: 1pt solid windowtext; border-left: 1pt solid windowtext;  padding: 0cm 5.4pt; width=\"264\">Registrul intern al subiec\u021bilor declar\u0103rii<\/td>\n<td style=\"width: 5cm; border-top: none; border-left: none; border-bottom: 1pt solid windowtext; border-right: 1pt solid windowtext; padding: 0cm 5.4pt; width=\"142\"><a href=\"https:\/\/chisinaucentru.md\/wp-content\/uploads\/2025\/09\/Registrul-intern-al-subiectilor-declararii.pdf\" target=\"_blank\" rel=\"noopener\">click aici<\/a><\/td>\n<\/tr>\n<tr>\n<td style=\"width: 263.6pt; border-top: none; border-bottom: 1pt solid windowtext; border-right: 1pt solid windowtext; border-left: 1pt solid windowtext;  padding: 0cm 5.4pt; width=\"264\">Registrul conflictelor de interese<\/td>\n<td style=\"width: 5cm; border-top: none; border-left: none; border-bottom: 1pt solid windowtext; border-right: 1pt solid windowtext; padding: 0cm 5.4pt; width=\"142\"><a href=\"https:\/\/chisinaucentru.md\/wp-content\/uploads\/2025\/09\/Registrul-conflictelor-de-interese.pdf\" target=\"_blank\" rel=\"noopener\">click aici<\/a><\/td>\n<\/tr>\n<tr>\n<td style=\"width: 263.6pt; border-top: none; border-bottom: 1pt solid windowtext; border-right: 1pt solid windowtext; border-left: 1pt solid windowtext;  padding: 0cm 5.4pt; width=\"264\">Registrul cererilor informa\u021biilor de interes public<\/td>\n<td style=\"width: 5cm; border-top: none; border-left: none; border-bottom: 1pt solid windowtext; border-right: 1pt solid windowtext; padding: 0cm 5.4pt; width=\"142\"><a href=\"https:\/\/chisinaucentru.md\/wp-content\/uploads\/2025\/09\/Registrul-cererilor-informatiilor_de-interes-public.pdf\" target=\"_blank\" rel=\"noopener\">click aici<\/a><\/td>\n<\/tr>\n<tr>\n<td style=\"width: 263.6pt; border-top: none; border-bottom: 1pt solid windowtext; border-right: 1pt solid windowtext; border-left: 1pt solid windowtext;  padding: 0cm 5.4pt; width=\"264\">Registrul cazurilor influen\u021belor necorespunz\u0103toare<\/td>\n<td style=\"width: 5cm; border-top: none; border-left: none; border-bottom: 1pt solid windowtext; border-right: 1pt solid windowtext; padding: 0cm 5.4pt; width=\"142\"><a href=\"https:\/\/chisinaucentru.md\/wp-content\/uploads\/2025\/09\/Registrul-cazurilor-influentelor-necorespunzatoare.pdf\" target=\"_blank\" rel=\"noopener\">click aici<\/a><\/td>\n<\/tr>\n<tr>\n<td style=\"width: 263.6pt; border-top: none; border-bottom: 1pt solid windowtext; border-right: 1pt solid windowtext; border-left: 1pt solid windowtext;  padding: 0cm 5.4pt; width=\"264\">Registrul avertiz\u0103rilor de integritate<\/td>\n<td style=\"width: 5cm; border-top: none; border-left: none; border-bottom: 1pt solid windowtext; border-right: 1pt solid windowtext; padding: 0cm 5.4pt; width=\"142\"><a href=\"https:\/\/chisinaucentru.md\/wp-content\/uploads\/2025\/09\/Registrul-avertizarilor-de-integritate.pdf\" target=\"_blank\" rel=\"noopener\">click aici<\/a><\/td>\n<\/tr>\n<\/tbody>\n<\/table>\n\t\t<\/div>\n\t<\/div>\n<\/div><\/div><\/div><\/div>","protected":false},"excerpt":{"rendered":"<p>Raport de progres la Planul de integritate, Semestrul II, 2025 Descarc\u0103 Raport de progres la Planul de integritate, Semestrul I, 2025 Descarc\u0103 Plan de integritate 2025 Descarc\u0103 Constituirea Comisiei de eviden\u021b\u0103 \u0219i evaluare a cadourilor \u0219i organizarea activit\u0103\u021bii aferente respect\u0103rii regimului juridic al cadourilor \u00een cadrul Preturii sectorului Centru Descarc\u0103 Regulamente Titlu Descarc\u0103 click aici&hellip;<\/p>","protected":false},"author":1,"featured_media":0,"parent":0,"menu_order":0,"comment_status":"closed","ping_status":"closed","template":"","meta":[],"acf":[],"_links":{"self":[{"href":"https:\/\/chisinaucentru.md\/en\/wp-json\/wp\/v2\/pages\/68034"}],"collection":[{"href":"https:\/\/chisinaucentru.md\/en\/wp-json\/wp\/v2\/pages"}],"about":[{"href":"https:\/\/chisinaucentru.md\/en\/wp-json\/wp\/v2\/types\/page"}],"author":[{"embeddable":true,"href":"https:\/\/chisinaucentru.md\/en\/wp-json\/wp\/v2\/users\/1"}],"replies":[{"embeddable":true,"href":"https:\/\/chisinaucentru.md\/en\/wp-json\/wp\/v2\/comments?post=68034"}],"version-history":[{"count":20,"href":"https:\/\/chisinaucentru.md\/en\/wp-json\/wp\/v2\/pages\/68034\/revisions"}],"predecessor-version":[{"id":100247,"href":"https:\/\/chisinaucentru.md\/en\/wp-json\/wp\/v2\/pages\/68034\/revisions\/100247"}],"wp:attachment":[{"href":"https:\/\/chisinaucentru.md\/en\/wp-json\/wp\/v2\/media?parent=68034"}],"curies":[{"name":"wp","href":"https:\/\/api.w.org\/{rel}","templated":true}]}}