{"id":62863,"date":"2022-11-21T15:44:26","date_gmt":"2022-11-21T13:44:26","guid":{"rendered":"https:\/\/chisinaucentru.md\/?page_id=62863"},"modified":"2025-05-20T10:52:09","modified_gmt":"2025-05-20T07:52:09","slug":"situatii-exceptionale","status":"publish","type":"page","link":"https:\/\/chisinaucentru.md\/en\/situatii-exceptionale\/","title":{"rendered":"Situa\u021bii excep\u021bionale"},"content":{"rendered":"<div class=\"vc_row wpb_row vc_row-fluid dt-default\" style=\"margin-top: 0px;margin-bottom: 0px\"><div class=\"wpb_column vc_column_container vc_col-sm-12\"><div class=\"vc_column-inner\"><div class=\"wpb_wrapper\">\n\t<div class=\"wpb_raw_code wpb_content_element wpb_raw_html\" >\n\t\t<div class=\"wpb_wrapper\">\n\t\t\t<div class=\"common_wrapper\">\n\n    <div class=\"common_s\">\n        <div class=\"image_c\"><img src=\"https:\/\/chisinaucentru.md\/wp-content\/uploads\/2022\/09\/LOGO-2.svg\"><\/div>\n        <div class=\"col2\">\n            <div class=\"title_c\">Aplica\u021bii la protec\u021bia civil\u0103 \u00een municipiul Chi\u0219in\u0103u<\/div>\n            <a class=\"descarca\" href=\"https:\/\/chisinaucentru.md\/wp-content\/uploads\/2025\/05\/Decizia-nr_1-CSE.pdf\" target=\"_blank\">Descarc\u0103<\/a>\n        <\/div>\n    <\/div>\n\n<\/div>\n\t\t<\/div>\n\t<\/div>\n<\/div><\/div><\/div><\/div><div class=\"vc_row wpb_row vc_row-fluid dt-default\" style=\"margin-top: 0px;margin-bottom: 0px\"><div class=\"wpb_column vc_column_container vc_col-sm-12\"><div class=\"vc_column-inner\"><div class=\"wpb_wrapper\">\n\t<div class=\"wpb_raw_code wpb_content_element wpb_raw_html\" >\n\t\t<div class=\"wpb_wrapper\">\n\t\t\t<div class=\"common_wrapper\">\n\n    <div class=\"common_s\">\n        <div class=\"image_c\"><img src=\"https:\/\/chisinaucentru.md\/wp-content\/uploads\/2022\/09\/LOGO-2.svg\"><\/div>\n        <div class=\"col2\">\n            <div class=\"title_c\">Plan de eficientizare a consumului de energie electric\u0103<\/div>\n            <a class=\"descarca\" href=\"https:\/\/chisinaucentru.md\/wp-content\/uploads\/2022\/11\/Plan-de-eficientizare-a-consumului-de-energie-electrica.pdf\" target=\"_blank\">Descarc\u0103<\/a>\n        <\/div>\n    <\/div>\n\n<\/div>\n\t\t<\/div>\n\t<\/div>\n<\/div><\/div><\/div><\/div>","protected":false},"excerpt":{"rendered":"<p>Aplica\u021bii la protec\u021bia civil\u0103 \u00een municipiul Chi\u0219in\u0103u Descarc\u0103 Plan de eficientizare a consumului de energie electric\u0103 Descarc\u0103<\/p>","protected":false},"author":1,"featured_media":0,"parent":0,"menu_order":0,"comment_status":"closed","ping_status":"closed","template":"","meta":[],"acf":[],"_links":{"self":[{"href":"https:\/\/chisinaucentru.md\/en\/wp-json\/wp\/v2\/pages\/62863"}],"collection":[{"href":"https:\/\/chisinaucentru.md\/en\/wp-json\/wp\/v2\/pages"}],"about":[{"href":"https:\/\/chisinaucentru.md\/en\/wp-json\/wp\/v2\/types\/page"}],"author":[{"embeddable":true,"href":"https:\/\/chisinaucentru.md\/en\/wp-json\/wp\/v2\/users\/1"}],"replies":[{"embeddable":true,"href":"https:\/\/chisinaucentru.md\/en\/wp-json\/wp\/v2\/comments?post=62863"}],"version-history":[{"count":4,"href":"https:\/\/chisinaucentru.md\/en\/wp-json\/wp\/v2\/pages\/62863\/revisions"}],"predecessor-version":[{"id":90486,"href":"https:\/\/chisinaucentru.md\/en\/wp-json\/wp\/v2\/pages\/62863\/revisions\/90486"}],"wp:attachment":[{"href":"https:\/\/chisinaucentru.md\/en\/wp-json\/wp\/v2\/media?parent=62863"}],"curies":[{"name":"wp","href":"https:\/\/api.w.org\/{rel}","templated":true}]}}