{"id":56778,"date":"2021-10-27T13:28:39","date_gmt":"2021-10-27T13:28:39","guid":{"rendered":"https:\/\/chisinaucentru.md\/?page_id=56778"},"modified":"2022-03-10T00:56:48","modified_gmt":"2022-03-10T00:56:48","slug":"servicii-prestate","status":"publish","type":"page","link":"https:\/\/chisinaucentru.md\/en\/servicii-prestate\/","title":{"rendered":"Servicii prestate"},"content":{"rendered":"<div class=\"vc_row wpb_row vc_row-fluid dt-default\" style=\"margin-top: 0px;margin-bottom: 0px\"><div class=\"wpb_column vc_column_container vc_col-sm-12\"><div class=\"vc_column-inner\"><div class=\"wpb_wrapper\">\n\t<div class=\"wpb_text_column wpb_content_element  with_blue_line\" id=\"page_title_manual\">\n\t\t<div class=\"wpb_wrapper\">\n\t\t\t<h1>Servicii prestate<\/h1>\n\n\t\t<\/div>\n\t<\/div>\n<\/div><\/div><\/div><\/div><div class=\"vc_row wpb_row vc_row-fluid\"><div class=\"wpb_column vc_column_container vc_col-sm-12\"><div class=\"vc_column-inner\"><div class=\"wpb_wrapper\"><style type=\"text\/css\" data-type=\"the7_shortcodes-inline-css\">.blog-shortcode.blog-masonry-shortcode-id-5c086f972da3b693d0658d7cd7ff0495.content-bg-on.classic-layout-list article {\n  background: #fafafa;\n  box-shadow: none;\n}\n.blog-shortcode.blog-masonry-shortcode-id-5c086f972da3b693d0658d7cd7ff0495.dividers-on.classic-layout-list article {\n  padding-top: 0;\n}\n.blog-shortcode.blog-masonry-shortcode-id-5c086f972da3b693d0658d7cd7ff0495.dividers-on.classic-layout-list article:first-of-type {\n  margin-top: 0;\n  padding-top: 0;\n}\n.blog-shortcode.blog-masonry-shortcode-id-5c086f972da3b693d0658d7cd7ff0495.classic-layout-list.mode-list .post-entry-content {\n  width: calc(100% - );\n}\n.blog-shortcode.blog-masonry-shortcode-id-5c086f972da3b693d0658d7cd7ff0495.classic-layout-list.mode-list .no-img .post-entry-content {\n  width: 100%;\n}\n.blog-shortcode.blog-masonry-shortcode-id-5c086f972da3b693d0658d7cd7ff0495 .paginator {\n  margin-top: 20px;\n}\n.blog-shortcode.blog-masonry-shortcode-id-5c086f972da3b693d0658d7cd7ff0495 .filter-bg-decoration .filter-categories a.act {\n  color: #fff;\n}\n.blog-shortcode.blog-masonry-shortcode-id-5c086f972da3b693d0658d7cd7ff0495:not(.mode-masonry) article:first-of-type,\n.blog-shortcode.blog-masonry-shortcode-id-5c086f972da3b693d0658d7cd7ff0495:not(.mode-masonry) article.visible.first:not(.product) {\n  margin-top: 0;\n}\n.blog-shortcode.blog-masonry-shortcode-id-5c086f972da3b693d0658d7cd7ff0495.dividers-on:not(.mode-masonry) article {\n  margin-top: 0;\n}\n.blog-shortcode.blog-masonry-shortcode-id-5c086f972da3b693d0658d7cd7ff0495.dividers-on:not(.mode-masonry) article:first-of-type,\n.blog-shortcode.blog-masonry-shortcode-id-5c086f972da3b693d0658d7cd7ff0495.dividers-on:not(.mode-masonry) article.visible.first:not(.product) {\n  margin-top: 0;\n  padding-top: 0;\n}\n.blog-shortcode.blog-masonry-shortcode-id-5c086f972da3b693d0658d7cd7ff0495 .post-thumbnail-wrap {\n  padding: 0px 0px 0px 0px;\n}\n.blog-shortcode.blog-masonry-shortcode-id-5c086f972da3b693d0658d7cd7ff0495.enable-bg-rollover .post-thumbnail-rollover:after {\n  background: -webkit-linear-gradient();\n  background: linear-gradient();\n}\n.blog-shortcode.blog-masonry-shortcode-id-5c086f972da3b693d0658d7cd7ff0495 .gallery-zoom-ico {\n  width: 44px;\n  height: 44px;\n  line-height: 44px;\n  border-radius: 100px;\n  margin: -22px 0 0 -22px;\n  border-width: 0px;\n  color: #ffffff;\n}\n.bottom-overlap-layout-list.blog-shortcode.blog-masonry-shortcode-id-5c086f972da3b693d0658d7cd7ff0495 .gallery-zoom-ico {\n  margin-top: -72px;\n}\n.gradient-overlay-layout-list.blog-shortcode.blog-masonry-shortcode-id-5c086f972da3b693d0658d7cd7ff0495 .gallery-zoom-ico,\n.content-rollover-layout-list.blog-shortcode.blog-masonry-shortcode-id-5c086f972da3b693d0658d7cd7ff0495 .gallery-zoom-ico {\n  margin: 0 0 10px;\n}\n.content-align-center.gradient-overlay-layout-list.blog-shortcode.blog-masonry-shortcode-id-5c086f972da3b693d0658d7cd7ff0495 .gallery-zoom-ico,\n.content-align-center.content-rollover-layout-list.blog-shortcode.blog-masonry-shortcode-id-5c086f972da3b693d0658d7cd7ff0495 .gallery-zoom-ico {\n  margin: 0 auto 10px;\n}\n.dt-icon-bg-on.blog-shortcode.blog-masonry-shortcode-id-5c086f972da3b693d0658d7cd7ff0495 .gallery-zoom-ico {\n  background: rgba(255,255,255,0.3);\n  box-shadow: none;\n}\n.blog-shortcode.blog-masonry-shortcode-id-5c086f972da3b693d0658d7cd7ff0495 .gallery-zoom-ico > span,\n.blog-shortcode.blog-masonry-shortcode-id-5c086f972da3b693d0658d7cd7ff0495 .gallery-zoom-ico:before {\n  font-size: 32px;\n  line-height: 44px;\n}\n.blog-shortcode.blog-masonry-shortcode-id-5c086f972da3b693d0658d7cd7ff0495 .gallery-zoom-ico > span,\n.blog-shortcode.blog-masonry-shortcode-id-5c086f972da3b693d0658d7cd7ff0495 .gallery-zoom-ico:before {\n  color: #ffffff;\n}\n.blog-shortcode.blog-masonry-shortcode-id-5c086f972da3b693d0658d7cd7ff0495 .entry-title,\n.blog-shortcode.blog-masonry-shortcode-id-5c086f972da3b693d0658d7cd7ff0495.owl-carousel .entry-title {\n  margin-bottom: 17px;\n  font-size: 16px;\n  line-height: 22px;\n}\n.blog-shortcode.blog-masonry-shortcode-id-5c086f972da3b693d0658d7cd7ff0495 .entry-meta {\n  margin-bottom: 14px;\n}\n.blog-shortcode.blog-masonry-shortcode-id-5c086f972da3b693d0658d7cd7ff0495 .portfolio-categories {\n  margin-bottom: 14px;\n}\n.blog-shortcode.blog-masonry-shortcode-id-5c086f972da3b693d0658d7cd7ff0495 .entry-excerpt {\n  margin-bottom: 5px;\n}\n.blog-shortcode.blog-masonry-shortcode-id-5c086f972da3b693d0658d7cd7ff0495:not(.centered-layout-list) .post-entry-content {\n  padding: 25px 40px 25px 40px;\n}\n.blog-shortcode.blog-masonry-shortcode-id-5c086f972da3b693d0658d7cd7ff0495:not(.centered-layout-list):not(.content-bg-on):not(.mode-list) .no-img .post-entry-content {\n  padding: 0;\n}\n.blog-shortcode.blog-masonry-shortcode-id-5c086f972da3b693d0658d7cd7ff0495.content-bg-on:not(.classic-layout-list):not(.centered-layout-list) .post-entry-content {\n  background: #fafafa;\n  box-shadow: none;\n}\n@media screen and (max-width: ) {\n  .blog-shortcode.blog-masonry-shortcode-id-5c086f972da3b693d0658d7cd7ff0495 article {\n    -ms-flex-flow: column nowrap;\n    flex-flow: column nowrap;\n    margin-top: 20px;\n  }\n  .blog-shortcode.blog-masonry-shortcode-id-5c086f972da3b693d0658d7cd7ff0495.dividers-on article {\n    border: none;\n  }\n  .blog-shortcode.blog-masonry-shortcode-id-5c086f972da3b693d0658d7cd7ff0495.content-bg-on.centered-layout-list article {\n    padding: 0;\n  }\n  .blog-shortcode.blog-masonry-shortcode-id-5c086f972da3b693d0658d7cd7ff0495.blog-shortcode.dividers-on article,\n  .blog-shortcode.blog-masonry-shortcode-id-5c086f972da3b693d0658d7cd7ff0495.dividers-on.classic-layout-list article {\n    margin-top: 20px;\n    padding: 0;\n  }\n  .blog-shortcode.blog-masonry-shortcode-id-5c086f972da3b693d0658d7cd7ff0495.blog-shortcode.dividers-on article:first-of-type,\n  .blog-shortcode.blog-masonry-shortcode-id-5c086f972da3b693d0658d7cd7ff0495.dividers-on.classic-layout-list article:first-of-type {\n    padding: 0;\n  }\n  #page .blog-shortcode.blog-masonry-shortcode-id-5c086f972da3b693d0658d7cd7ff0495 .post-thumbnail-wrap,\n  #page .blog-shortcode.blog-masonry-shortcode-id-5c086f972da3b693d0658d7cd7ff0495 .post-entry-content {\n    width: 100%;\n    margin: 0;\n    top: 0;\n  }\n  #page .blog-shortcode.blog-masonry-shortcode-id-5c086f972da3b693d0658d7cd7ff0495 .post-thumbnail-wrap {\n    padding: 0;\n  }\n  #page .blog-shortcode.blog-masonry-shortcode-id-5c086f972da3b693d0658d7cd7ff0495 .post-entry-content:after {\n    display: none;\n  }\n  #page .blog-shortcode.blog-masonry-shortcode-id-5c086f972da3b693d0658d7cd7ff0495 .project-even .post-thumbnail-wrap,\n  #page .blog-shortcode.blog-masonry-shortcode-id-5c086f972da3b693d0658d7cd7ff0495.centered-layout-list .post-thumbnail-wrap {\n    -ms-flex-order: 0;\n    order: 0;\n  }\n  #page .blog-shortcode.blog-masonry-shortcode-id-5c086f972da3b693d0658d7cd7ff0495.centered-layout-list .post-entry-title-content {\n    -ms-flex-order: 1;\n    order: 1;\n    width: 100%;\n    padding: 20px 20px 0;\n  }\n  #page .blog-shortcode.blog-masonry-shortcode-id-5c086f972da3b693d0658d7cd7ff0495.centered-layout-list .post-entry-content {\n    -ms-flex-order: 2;\n    order: 2;\n    padding-top: 0;\n  }\n  #page .blog-shortcode.blog-masonry-shortcode-id-5c086f972da3b693d0658d7cd7ff0495 .fancy-categories {\n    top: 10px;\n    left: 10px;\n    bottom: auto;\n    right: auto;\n  }\n  #page .blog-shortcode.blog-masonry-shortcode-id-5c086f972da3b693d0658d7cd7ff0495 .fancy-date a {\n    top: 10px;\n    right: 10px;\n    left: auto;\n    bottom: auto;\n  }\n  #page .blog-shortcode.blog-masonry-shortcode-id-5c086f972da3b693d0658d7cd7ff0495 .post-entry-content {\n    padding: 20px;\n  }\n  #page .blog-shortcode.blog-masonry-shortcode-id-5c086f972da3b693d0658d7cd7ff0495 .entry-title {\n    margin: 3px 0 5px;\n    font-size: 20px;\n    font-size: 16px;\n    line-height: 26px;\n    line-height: 22px;\n  }\n  #page .blog-shortcode.blog-masonry-shortcode-id-5c086f972da3b693d0658d7cd7ff0495 .entry-meta {\n    margin: 5px 0 5px;\n  }\n  #page .blog-shortcode.blog-masonry-shortcode-id-5c086f972da3b693d0658d7cd7ff0495 .entry-excerpt {\n    margin: 15px 0 0;\n  }\n  #page .blog-shortcode.blog-masonry-shortcode-id-5c086f972da3b693d0658d7cd7ff0495 .post-details {\n    margin: 5px 0 10px;\n  }\n  #page .blog-shortcode.blog-masonry-shortcode-id-5c086f972da3b693d0658d7cd7ff0495 .post-details.details-type-link {\n    margin-bottom: 2px;\n  }\n}\n.blog-shortcode.blog-masonry-shortcode-id-5c086f972da3b693d0658d7cd7ff0495:not(.resize-by-browser-width) .dt-css-grid {\n  grid-row-gap: 24px;\n  grid-column-gap: 24px;\n  grid-template-columns: repeat(auto-fill,minmax(,1fr));\n}\n.blog-shortcode.blog-masonry-shortcode-id-5c086f972da3b693d0658d7cd7ff0495:not(.resize-by-browser-width) .dt-css-grid .double-width {\n  grid-column: span 2;\n}\n.cssgridlegacy.no-cssgrid .blog-shortcode.blog-masonry-shortcode-id-5c086f972da3b693d0658d7cd7ff0495:not(.resize-by-browser-width) .dt-css-grid,\n.no-cssgridlegacy.no-cssgrid .blog-shortcode.blog-masonry-shortcode-id-5c086f972da3b693d0658d7cd7ff0495:not(.resize-by-browser-width) .dt-css-grid {\n  display: flex;\n  flex-flow: row wrap;\n  margin: -12px;\n}\n.cssgridlegacy.no-cssgrid .blog-shortcode.blog-masonry-shortcode-id-5c086f972da3b693d0658d7cd7ff0495:not(.resize-by-browser-width) .dt-css-grid .wf-cell,\n.no-cssgridlegacy.no-cssgrid .blog-shortcode.blog-masonry-shortcode-id-5c086f972da3b693d0658d7cd7ff0495:not(.resize-by-browser-width) .dt-css-grid .wf-cell {\n  flex: 1 0 ;\n  max-width: 100%;\n  padding: 12px;\n  box-sizing: border-box;\n}\n.blog-shortcode.blog-masonry-shortcode-id-5c086f972da3b693d0658d7cd7ff0495.resize-by-browser-width .dt-css-grid {\n  grid-template-columns: repeat(3,1fr);\n  grid-template-rows: auto;\n  grid-column-gap: 24px;\n  grid-row-gap: 24px;\n}\n.blog-shortcode.blog-masonry-shortcode-id-5c086f972da3b693d0658d7cd7ff0495.resize-by-browser-width .dt-css-grid .double-width {\n  grid-column: span 2;\n}\n.cssgridlegacy.no-cssgrid .blog-shortcode.blog-masonry-shortcode-id-5c086f972da3b693d0658d7cd7ff0495.resize-by-browser-width .dt-css-grid {\n  margin: -12px;\n}\n.cssgridlegacy.no-cssgrid .blog-shortcode.blog-masonry-shortcode-id-5c086f972da3b693d0658d7cd7ff0495.resize-by-browser-width .dt-css-grid .wf-cell {\n  width: 33.333333333333%;\n  padding: 12px;\n}\n.cssgridlegacy.no-cssgrid .blog-shortcode.blog-masonry-shortcode-id-5c086f972da3b693d0658d7cd7ff0495.resize-by-browser-width .dt-css-grid .wf-cell.double-width {\n  width: calc(33.333333333333%) * 2;\n}\n.blog-shortcode.blog-masonry-shortcode-id-5c086f972da3b693d0658d7cd7ff0495.resize-by-browser-width:not(.centered-layout-list):not(.content-bg-on) .dt-css-grid {\n  grid-row-gap: -1px;\n}\n@media screen and (max-width: 1199px) {\n  .blog-shortcode.blog-masonry-shortcode-id-5c086f972da3b693d0658d7cd7ff0495.resize-by-browser-width .dt-css-grid {\n    grid-template-columns: repeat(2,1fr);\n  }\n  .cssgridlegacy.no-cssgrid .blog-shortcode.blog-masonry-shortcode-id-5c086f972da3b693d0658d7cd7ff0495.resize-by-browser-width .dt-css-grid .wf-cell,\n  .no-cssgridlegacy.no-cssgrid .blog-shortcode.blog-masonry-shortcode-id-5c086f972da3b693d0658d7cd7ff0495.resize-by-browser-width .dt-css-grid .wf-cell {\n    width: 50%;\n  }\n  .cssgridlegacy.no-cssgrid .blog-shortcode.blog-masonry-shortcode-id-5c086f972da3b693d0658d7cd7ff0495.resize-by-browser-width .dt-css-grid .wf-cell.double-width,\n  .no-cssgridlegacy.no-cssgrid .blog-shortcode.blog-masonry-shortcode-id-5c086f972da3b693d0658d7cd7ff0495.resize-by-browser-width .dt-css-grid .wf-cell.double-width {\n    width: calc(50%)*2;\n  }\n}\n@media screen and (max-width: 991px) {\n  .blog-shortcode.blog-masonry-shortcode-id-5c086f972da3b693d0658d7cd7ff0495.resize-by-browser-width .dt-css-grid {\n    grid-template-columns: repeat(2,1fr);\n  }\n  .cssgridlegacy.no-cssgrid .blog-shortcode.blog-masonry-shortcode-id-5c086f972da3b693d0658d7cd7ff0495.resize-by-browser-width .dt-css-grid .wf-cell,\n  .no-cssgridlegacy.no-cssgrid .blog-shortcode.blog-masonry-shortcode-id-5c086f972da3b693d0658d7cd7ff0495.resize-by-browser-width .dt-css-grid .wf-cell {\n    width: 50%;\n  }\n  .cssgridlegacy.no-cssgrid .blog-shortcode.blog-masonry-shortcode-id-5c086f972da3b693d0658d7cd7ff0495.resize-by-browser-width .dt-css-grid .wf-cell.double-width,\n  .no-cssgridlegacy.no-cssgrid .blog-shortcode.blog-masonry-shortcode-id-5c086f972da3b693d0658d7cd7ff0495.resize-by-browser-width .dt-css-grid .wf-cell.double-width {\n    width: calc(50%)*2;\n  }\n}\n@media screen and (max-width: 767px) {\n  .blog-shortcode.blog-masonry-shortcode-id-5c086f972da3b693d0658d7cd7ff0495.resize-by-browser-width .dt-css-grid {\n    grid-template-columns: repeat(1,1fr);\n  }\n  .blog-shortcode.blog-masonry-shortcode-id-5c086f972da3b693d0658d7cd7ff0495.resize-by-browser-width .dt-css-grid .double-width {\n    grid-column: span 1;\n  }\n  .cssgridlegacy.no-cssgrid .blog-shortcode.blog-masonry-shortcode-id-5c086f972da3b693d0658d7cd7ff0495.resize-by-browser-width .dt-css-grid .wf-cell,\n  .no-cssgridlegacy.no-cssgrid .blog-shortcode.blog-masonry-shortcode-id-5c086f972da3b693d0658d7cd7ff0495.resize-by-browser-width .dt-css-grid .wf-cell {\n    width: 100%;\n  }\n  .cssgridlegacy.no-cssgrid .blog-shortcode.blog-masonry-shortcode-id-5c086f972da3b693d0658d7cd7ff0495.resize-by-browser-width .dt-css-grid .wf-cell.double-width,\n  .no-cssgridlegacy.no-cssgrid .blog-shortcode.blog-masonry-shortcode-id-5c086f972da3b693d0658d7cd7ff0495.resize-by-browser-width .dt-css-grid .wf-cell.double-width {\n    width: calc(100%)*2;\n  }\n}\n<\/style><div class=\"blog-shortcode blog-masonry-shortcode-id-5c086f972da3b693d0658d7cd7ff0495 mode-grid classic-layout-list content-bg-on meta-info-off dt-css-grid-wrap dt-icon-bg-off resize-by-browser-width loading-effect-none description-under-image\" data-padding=\"12px\" data-cur-page=\"1\" data-post-limit=\"-1\" data-pagination-mode=\"pages\" data-desktop-columns-num=\"3\" data-v-tablet-columns-num=\"2\" data-h-tablet-columns-num=\"2\" data-phone-columns-num=\"1\" data-width=\"0px\" data-columns=\"0\"><div class=\"dt-css-grid\" ><div class=\"visible wf-cell\" data-post-id=\"56816\" data-date=\"2021-10-27T14:21:13+03:00\" data-name=\"Modificarea contractului de \u00eenchiriere a apartamentului\"><article class=\"post project-odd visible no-img post-56816 type-post status-publish format-standard hentry category-servicii-prestate category-293 description-off\" data-name=\"Modificarea contractului de \u00eenchiriere a apartamentului\" data-date=\"2021-10-27T14:21:13+03:00\">\n\n<div class=\"post-entry-content\">\n\n\t<h3 class=\"entry-title\">\n\t\t<a href=\"https:\/\/chisinaucentru.md\/en\/modificarea-contractului-de-inchiriere-a-apartamentului\/\" title=\"Modificarea contractului de \u00eenchiriere a apartamentului\" rel=\"bookmark\">Modificarea contractului de \u00eenchiriere a apartamentului<\/a>\n\t<\/h3>\n\n\t\n\t\n\t\n<a href=\"https:\/\/chisinaucentru.md\/en\/modificarea-contractului-de-inchiriere-a-apartamentului\/\" class=\"post-details details-type-link\" aria-label=\"Read more about Modificarea contractului de \u00eenchiriere a apartamentului\">Detalii<i class=\"dt-icon-the7-arrow-03\" aria-hidden=\"true\"><\/i><\/a>\n\n<\/div><\/article><\/div><div class=\"visible wf-cell\" data-post-id=\"56813\" data-date=\"2021-10-27T14:19:07+03:00\" data-name=\"Eliberarea adeverin\u021bei privind cultivarea florilor \u00een gospod\u0103ria individual\u0103\"><article class=\"post project-odd visible no-img post-56813 type-post status-publish format-standard hentry category-servicii-prestate category-293 description-off\" data-name=\"Eliberarea adeverin\u021bei privind cultivarea florilor \u00een gospod\u0103ria individual\u0103\" data-date=\"2021-10-27T14:19:07+03:00\">\n\n<div class=\"post-entry-content\">\n\n\t<h3 class=\"entry-title\">\n\t\t<a href=\"https:\/\/chisinaucentru.md\/en\/eliberarea-adeverintei-privind-cultivarea-florilor-in-gospodaria-individuala\/\" title=\"Eliberarea adeverin\u021bei privind cultivarea florilor \u00een gospod\u0103ria individual\u0103\" rel=\"bookmark\">Eliberarea adeverin\u021bei privind cultivarea florilor \u00een gospod\u0103ria individual\u0103<\/a>\n\t<\/h3>\n\n\t\n\t\n\t\n<a href=\"https:\/\/chisinaucentru.md\/en\/eliberarea-adeverintei-privind-cultivarea-florilor-in-gospodaria-individuala\/\" class=\"post-details details-type-link\" aria-label=\"Read more about Eliberarea adeverin\u021bei privind cultivarea florilor \u00een gospod\u0103ria individual\u0103\">Detalii<i class=\"dt-icon-the7-arrow-03\" aria-hidden=\"true\"><\/i><\/a>\n\n<\/div><\/article><\/div><div class=\"visible wf-cell\" data-post-id=\"56810\" data-date=\"2021-10-27T14:17:27+03:00\" data-name=\"Eliberarea certificatului de componen\u021b\u0103 a familiei pentru sectorul particular\"><article class=\"post project-odd visible no-img post-56810 type-post status-publish format-standard hentry category-servicii-prestate category-293 description-off\" data-name=\"Eliberarea certificatului de componen\u021b\u0103 a familiei pentru sectorul particular\" data-date=\"2021-10-27T14:17:27+03:00\">\n\n<div class=\"post-entry-content\">\n\n\t<h3 class=\"entry-title\">\n\t\t<a href=\"https:\/\/chisinaucentru.md\/en\/eliberarea-certificatului-de-componenta-a-familiei-pentru-sectorul-particular\/\" title=\"Eliberarea certificatului de componen\u021b\u0103 a familiei pentru sectorul particular\" rel=\"bookmark\">Eliberarea certificatului de componen\u021b\u0103 a familiei pentru sectorul particular<\/a>\n\t<\/h3>\n\n\t\n\t\n\t\n<a href=\"https:\/\/chisinaucentru.md\/en\/eliberarea-certificatului-de-componenta-a-familiei-pentru-sectorul-particular\/\" class=\"post-details details-type-link\" aria-label=\"Read more about Eliberarea certificatului de componen\u021b\u0103 a familiei pentru sectorul particular\">Detalii<i class=\"dt-icon-the7-arrow-03\" aria-hidden=\"true\"><\/i><\/a>\n\n<\/div><\/article><\/div><div class=\"visible wf-cell\" data-post-id=\"56807\" data-date=\"2021-10-27T14:15:30+03:00\" data-name=\"Eliberarea certificatului cu privire la num\u0103rul de r\u00e2nd\"><article class=\"post project-odd visible no-img post-56807 type-post status-publish format-standard hentry category-servicii-prestate category-293 description-off\" data-name=\"Eliberarea certificatului cu privire la num\u0103rul de r\u00e2nd\" data-date=\"2021-10-27T14:15:30+03:00\">\n\n<div class=\"post-entry-content\">\n\n\t<h3 class=\"entry-title\">\n\t\t<a href=\"https:\/\/chisinaucentru.md\/en\/eliberarea-certificatului-cu-privire-la-numarul-de-rand\/\" title=\"Eliberarea certificatului cu privire la num\u0103rul de r\u00e2nd\" rel=\"bookmark\">Eliberarea certificatului cu privire la num\u0103rul de r\u00e2nd<\/a>\n\t<\/h3>\n\n\t\n\t\n\t\n<a href=\"https:\/\/chisinaucentru.md\/en\/eliberarea-certificatului-cu-privire-la-numarul-de-rand\/\" class=\"post-details details-type-link\" aria-label=\"Read more about Eliberarea certificatului cu privire la num\u0103rul de r\u00e2nd\">Detalii<i class=\"dt-icon-the7-arrow-03\" aria-hidden=\"true\"><\/i><\/a>\n\n<\/div><\/article><\/div><div class=\"visible wf-cell\" data-post-id=\"56801\" data-date=\"2021-10-27T14:10:54+03:00\" data-name=\"Compensarea cheltuielilor pentru efectuarea pl\u0103\u021bilor pentru serviciile comunale \u0219i resursele energetice\"><article class=\"post project-odd visible no-img post-56801 type-post status-publish format-standard hentry category-servicii-prestate category-293 description-off\" data-name=\"Compensarea cheltuielilor pentru efectuarea pl\u0103\u021bilor pentru serviciile comunale \u0219i resursele energetice\" data-date=\"2021-10-27T14:10:54+03:00\">\n\n<div class=\"post-entry-content\">\n\n\t<h3 class=\"entry-title\">\n\t\t<a href=\"https:\/\/chisinaucentru.md\/en\/compensarea-cheltuielilor-pentru-efectuarea-platilor-pentru-serviciile-comunale-si-resursele-energetice\/\" title=\"Compensarea cheltuielilor pentru efectuarea pl\u0103\u021bilor pentru serviciile comunale \u0219i resursele energetice\" rel=\"bookmark\">Compensarea cheltuielilor pentru efectuarea pl\u0103\u021bilor pentru serviciile comunale \u0219i resursele energetice<\/a>\n\t<\/h3>\n\n\t\n\t\n\t\n<a href=\"https:\/\/chisinaucentru.md\/en\/compensarea-cheltuielilor-pentru-efectuarea-platilor-pentru-serviciile-comunale-si-resursele-energetice\/\" class=\"post-details details-type-link\" aria-label=\"Read more about Compensarea cheltuielilor pentru efectuarea pl\u0103\u021bilor pentru serviciile comunale \u0219i resursele energetice\">Detalii<i class=\"dt-icon-the7-arrow-03\" aria-hidden=\"true\"><\/i><\/a>\n\n<\/div><\/article><\/div><div class=\"visible wf-cell\" data-post-id=\"56796\" data-date=\"2021-10-27T14:04:11+03:00\" data-name=\"Eliberarea autoriza\u021biei de func\u021bionare \u00een cadrul iarmarocului\"><article class=\"post project-odd visible no-img post-56796 type-post status-publish format-standard hentry category-servicii-prestate category-293 description-off\" data-name=\"Eliberarea autoriza\u021biei de func\u021bionare \u00een cadrul iarmarocului\" data-date=\"2021-10-27T14:04:11+03:00\">\n\n<div class=\"post-entry-content\">\n\n\t<h3 class=\"entry-title\">\n\t\t<a href=\"https:\/\/chisinaucentru.md\/en\/eliberarea-autorizatiei-de-functionare-in-cadrul-iarmarocului\/\" title=\"Eliberarea autoriza\u021biei de func\u021bionare \u00een cadrul iarmarocului\" rel=\"bookmark\">Eliberarea autoriza\u021biei de func\u021bionare \u00een cadrul iarmarocului<\/a>\n\t<\/h3>\n\n\t\n\t\n\t\n<a href=\"https:\/\/chisinaucentru.md\/en\/eliberarea-autorizatiei-de-functionare-in-cadrul-iarmarocului\/\" class=\"post-details details-type-link\" aria-label=\"Read more about Eliberarea autoriza\u021biei de func\u021bionare \u00een cadrul iarmarocului\">Detalii<i class=\"dt-icon-the7-arrow-03\" aria-hidden=\"true\"><\/i><\/a>\n\n<\/div><\/article><\/div><div class=\"visible wf-cell\" data-post-id=\"56791\" data-date=\"2021-10-27T14:00:07+03:00\" data-name=\"Serviciul civil (de alternativ\u0103)\"><article class=\"post project-odd visible no-img post-56791 type-post status-publish format-standard hentry category-servicii-prestate category-293 description-off\" data-name=\"Serviciul civil (de alternativ\u0103)\" data-date=\"2021-10-27T14:00:07+03:00\">\n\n<div class=\"post-entry-content\">\n\n\t<h3 class=\"entry-title\">\n\t\t<a href=\"https:\/\/chisinaucentru.md\/en\/serviciul-civil-de-alternativa\/\" title=\"Serviciul civil (de alternativ\u0103)\" rel=\"bookmark\">Serviciul civil (de alternativ\u0103)<\/a>\n\t<\/h3>\n\n\t\n\t\n\t\n<a href=\"https:\/\/chisinaucentru.md\/en\/serviciul-civil-de-alternativa\/\" class=\"post-details details-type-link\" aria-label=\"Read more about Serviciul civil (de alternativ\u0103)\">Detalii<i class=\"dt-icon-the7-arrow-03\" aria-hidden=\"true\"><\/i><\/a>\n\n<\/div><\/article><\/div><\/div><!-- iso-container|iso-grid --><\/div><\/div><\/div><\/div><\/div>","protected":false},"excerpt":{"rendered":"<p>Servicii prestate<\/p>","protected":false},"author":1,"featured_media":0,"parent":0,"menu_order":0,"comment_status":"closed","ping_status":"closed","template":"","meta":[],"acf":[],"_links":{"self":[{"href":"https:\/\/chisinaucentru.md\/en\/wp-json\/wp\/v2\/pages\/56778"}],"collection":[{"href":"https:\/\/chisinaucentru.md\/en\/wp-json\/wp\/v2\/pages"}],"about":[{"href":"https:\/\/chisinaucentru.md\/en\/wp-json\/wp\/v2\/types\/page"}],"author":[{"embeddable":true,"href":"https:\/\/chisinaucentru.md\/en\/wp-json\/wp\/v2\/users\/1"}],"replies":[{"embeddable":true,"href":"https:\/\/chisinaucentru.md\/en\/wp-json\/wp\/v2\/comments?post=56778"}],"version-history":[{"count":0,"href":"https:\/\/chisinaucentru.md\/en\/wp-json\/wp\/v2\/pages\/56778\/revisions"}],"wp:attachment":[{"href":"https:\/\/chisinaucentru.md\/en\/wp-json\/wp\/v2\/media?parent=56778"}],"curies":[{"name":"wp","href":"https:\/\/api.w.org\/{rel}","templated":true}]}}