{"id":56320,"date":"2021-07-28T11:28:45","date_gmt":"2021-07-28T11:28:45","guid":{"rendered":"https:\/\/chisinaucentru.md\/?page_id=56320"},"modified":"2026-03-13T16:31:34","modified_gmt":"2026-03-13T14:31:34","slug":"raspundere-manageriala-2","status":"publish","type":"page","link":"https:\/\/chisinaucentru.md\/en\/raspundere-manageriala-2\/","title":{"rendered":"R\u0103spundere managerial\u0103"},"content":{"rendered":"<div class=\"vc_row wpb_row vc_row-fluid dt-default\" style=\"margin-top: 0px;margin-bottom: 0px\"><div class=\"wpb_column vc_column_container vc_col-sm-12\"><div class=\"vc_column-inner\"><div class=\"wpb_wrapper\">\n\t<div class=\"wpb_raw_code wpb_content_element wpb_raw_html\" >\n\t\t<div class=\"wpb_wrapper\">\n\t\t\t<div class=\"common_wrapper\">\n<div class=\"common_s\">\n        <div class=\"image_c\"><img src=\"https:\/\/chisinaucentru.md\/wp-content\/uploads\/2022\/09\/LOGO-2.svg\"><\/div>\n        <div class=\"col2\">\n            <div class=\"title_c\">Raportul CIM 2025<\/div>\n            <a class=\"descarca\"\n               href=\"https:\/\/chisinaucentru.md\/wp-content\/uploads\/2026\/03\/Raportul-CIM-2025.pdf\"\n               target=\"_blank\">Descarc\u0103<\/a>\n        <\/div>\n <\/div>\n<div class=\"common_s\">\n        <div class=\"image_c\"><img src=\"https:\/\/chisinaucentru.md\/wp-content\/uploads\/2022\/09\/LOGO-2.svg\"><\/div>\n        <div class=\"col2\">\n            <div class=\"title_c\">Declara\u021bia de r\u0103spundere managerial\u0103 pentru anul 2025<\/div>\n            <a class=\"descarca\"\n               href=\"https:\/\/chisinaucentru.md\/wp-content\/uploads\/2026\/03\/Declaratia-de-raspundere-manageriala-pentru-anul-2025.pdf\"\n               target=\"_blank\">Descarc\u0103<\/a>\n        <\/div>\n    <\/div>\n<div class=\"common_s\">\n        <div class=\"image_c\"><img src=\"https:\/\/chisinaucentru.md\/wp-content\/uploads\/2022\/09\/LOGO-2.svg\"><\/div>\n        <div class=\"col2\">\n            <div class=\"title_c\">Declarat\u0326ia de ra\u0306spundere manageriala\u0306 pentru anul 2024<\/div>\n            <a class=\"descarca\"\n               href=\"https:\/\/chisinaucentru.md\/wp-content\/uploads\/2025\/03\/Declarat\u0326ia-de-ra\u0306spundere-manageriala\u0306-pentru-anul-2024.pdf\"\n               target=\"_blank\">Descarc\u0103<\/a>\n        <\/div>\n    <\/div>\n    <div class=\"common_s\">\n        <div class=\"image_c\"><img src=\"https:\/\/chisinaucentru.md\/wp-content\/uploads\/2022\/09\/LOGO-2.svg\"><\/div>\n        <div class=\"col2\">\n            <div class=\"title_c\">Declara\u021bia de r\u0103spundere managerial\u0103 pentru anul 2023<\/div>\n            <a class=\"descarca\"\n               href=\"https:\/\/chisinaucentru.md\/wp-content\/uploads\/2024\/02\/Declaratia-de-raspundere-manageriala-pentru-anul-2023.pdf\"\n               target=\"_blank\">Descarc\u0103<\/a>\n        <\/div>\n    <\/div>\n    <div class=\"common_s\">\n        <div class=\"image_c\"><img src=\"https:\/\/chisinaucentru.md\/wp-content\/uploads\/2022\/09\/LOGO-2.svg\"><\/div>\n        <div class=\"col2\">\n            <div class=\"title_c\">Declara\u021bia de r\u0103spundere managerial\u0103 pentru anul 2022<\/div>\n            <a class=\"descarca\"\n               href=\"https:\/\/chisinaucentru.md\/wp-content\/uploads\/2023\/03\/Declaratia-de-raspundere-manageriala-pentru-anul-2022.pdf\"\n               target=\"_blank\">Descarc\u0103<\/a>\n        <\/div>\n    <\/div>\n    <div class=\"common_s\">\n        <div class=\"image_c\"><img src=\"https:\/\/chisinaucentru.md\/wp-content\/uploads\/2022\/09\/LOGO-2.svg\"><\/div>\n        <div class=\"col2\">\n            <div class=\"title_c\">Declara\u021bia de r\u0103spundere managerial\u0103 pentru anul 2021<\/div>\n            <a class=\"descarca\"\n               href=\"https:\/\/chisinaucentru.md\/wp-content\/uploads\/2022\/08\/Declaratie-2021_1659521011.pdf\"\n               target=\"_blank\">Descarc\u0103<\/a>\n        <\/div>\n    <\/div>\n    <div class=\"common_s\">\n        <div class=\"image_c\"><img src=\"https:\/\/chisinaucentru.md\/wp-content\/uploads\/2022\/09\/LOGO-2.svg\"><\/div>\n        <div class=\"col2\">\n            <div class=\"title_c\">Declara\u021bia de r\u0103spundere managerial\u0103 pentru anul 2020<\/div>\n            <a class=\"descarca\"\n               href=\"https:\/\/chisinaucentru.md\/wp-content\/uploads\/2021\/07\/1.Declara%C8%9Bia-de-r%C4%83spundere-managerial%C4%83-pentru-anul-2020.pdf\"\n               target=\"_blank\">Descarc\u0103<\/a>\n        <\/div>\n    <\/div>\n    <div class=\"common_s\">\n        <div class=\"image_c\"><img src=\"https:\/\/chisinaucentru.md\/wp-content\/uploads\/2022\/09\/LOGO-2.svg\"><\/div>\n        <div class=\"col2\">\n            <div class=\"title_c\">Declara\u021bia de r\u0103spundere managerial\u0103 pentru anul 2019<\/div>\n            <a class=\"descarca\"\n               href=\"https:\/\/chisinaucentru.md\/wp-content\/uploads\/2021\/07\/2.-Declara%C8%9Bie-de-r%C4%83spundere-managerial%C4%83-pentru-anul-2019.pdf\"\n               target=\"_blank\">Descarc\u0103<\/a>\n        <\/div>\n    <\/div>\n    <div class=\"common_s\">\n        <div class=\"image_c\"><img src=\"https:\/\/chisinaucentru.md\/wp-content\/uploads\/2022\/09\/LOGO-2.svg\"><\/div>\n        <div class=\"col2\">\n            <div class=\"title_c\">Declara\u021bia de r\u0103spundere managerial\u0103 pentru anul 2018<\/div>\n            <a class=\"descarca\"\n               href=\"https:\/\/chisinaucentru.md\/wp-content\/uploads\/2021\/07\/3.-Declara%C8%9Bia-de-r%C4%83spundere-managerial%C4%83-pentru-anul-2018.pdf\"\n               target=\"_blank\">Descarc\u0103<\/a>\n        <\/div>\n    <\/div>\n    <div class=\"common_s\">\n        <div class=\"image_c\"><img src=\"https:\/\/chisinaucentru.md\/wp-content\/uploads\/2022\/09\/LOGO-2.svg\"><\/div>\n        <div class=\"col2\">\n            <div class=\"title_c\">Declara\u021bia privind buna guvernare pentru anul 2017<\/div>\n            <a class=\"descarca\"\n               href=\"https:\/\/chisinaucentru.md\/wp-content\/uploads\/2021\/07\/4.-Declara%C8%9Bia-privind-buna-guvernare-pentru-anul-2017.pdf\"\n               target=\"_blank\">Descarc\u0103<\/a>\n        <\/div>\n    <\/div>\n<\/div>\n\t\t<\/div>\n\t<\/div>\n<\/div><\/div><\/div><\/div>","protected":false},"excerpt":{"rendered":"<p>Raportul CIM 2025 Descarc\u0103 Declara\u021bia de r\u0103spundere managerial\u0103 pentru anul 2025 Descarc\u0103 Declarat\u0326ia de ra\u0306spundere manageriala\u0306 pentru anul 2024 Descarc\u0103 Declara\u021bia de r\u0103spundere managerial\u0103 pentru anul 2023 Descarc\u0103 Declara\u021bia de r\u0103spundere managerial\u0103 pentru anul 2022 Descarc\u0103 Declara\u021bia de r\u0103spundere managerial\u0103 pentru anul 2021 Descarc\u0103 Declara\u021bia de r\u0103spundere managerial\u0103 pentru anul 2020 Descarc\u0103 Declara\u021bia de r\u0103spundere&hellip;<\/p>","protected":false},"author":1,"featured_media":0,"parent":0,"menu_order":0,"comment_status":"closed","ping_status":"closed","template":"","meta":[],"acf":[],"_links":{"self":[{"href":"https:\/\/chisinaucentru.md\/en\/wp-json\/wp\/v2\/pages\/56320"}],"collection":[{"href":"https:\/\/chisinaucentru.md\/en\/wp-json\/wp\/v2\/pages"}],"about":[{"href":"https:\/\/chisinaucentru.md\/en\/wp-json\/wp\/v2\/types\/page"}],"author":[{"embeddable":true,"href":"https:\/\/chisinaucentru.md\/en\/wp-json\/wp\/v2\/users\/1"}],"replies":[{"embeddable":true,"href":"https:\/\/chisinaucentru.md\/en\/wp-json\/wp\/v2\/comments?post=56320"}],"version-history":[{"count":8,"href":"https:\/\/chisinaucentru.md\/en\/wp-json\/wp\/v2\/pages\/56320\/revisions"}],"predecessor-version":[{"id":99557,"href":"https:\/\/chisinaucentru.md\/en\/wp-json\/wp\/v2\/pages\/56320\/revisions\/99557"}],"wp:attachment":[{"href":"https:\/\/chisinaucentru.md\/en\/wp-json\/wp\/v2\/media?parent=56320"}],"curies":[{"name":"wp","href":"https:\/\/api.w.org\/{rel}","templated":true}]}}