{"id":45710,"date":"2017-12-21T23:31:17","date_gmt":"2017-12-21T23:31:17","guid":{"rendered":"https:\/\/chisinaucentru.md\/?page_id=45710"},"modified":"2026-01-27T16:47:46","modified_gmt":"2026-01-27T14:47:46","slug":"rapoarte-de-activitate","status":"publish","type":"page","link":"https:\/\/chisinaucentru.md\/en\/rapoarte-de-activitate\/","title":{"rendered":"Rapoarte de activitate"},"content":{"rendered":"<div class=\"vc_row wpb_row vc_row-fluid dt-default\" style=\"margin-top: 0px;margin-bottom: 0px\"><div class=\"wpb_column vc_column_container vc_col-sm-12\"><div class=\"vc_column-inner\"><div class=\"wpb_wrapper\">\n\t<div class=\"wpb_raw_code wpb_content_element wpb_raw_html\" >\n\t\t<div class=\"wpb_wrapper\">\n\t\t\t<div class=\"common_wrapper\">\n   <div class=\"common_s\">\n        <div class=\"image_c\"><img src=\"https:\/\/chisinaucentru.md\/wp-content\/uploads\/2022\/09\/LOGO-2.svg\"><\/div>\n        <div class=\"col2\">\n            <div class=\"title_c\">Raport Semestrul II, Anul 2025<\/div>\n            <a class=\"descarca\"\n               href=\"https:\/\/chisinaucentru.md\/wp-content\/uploads\/2026\/01\/Raport-Semestrul-II-Anul-2025_compressed.pdf\"\n               target=\"_blank\">Descarc\u0103<\/a>\n        <\/div>\n    <\/div>\n<div class=\"common_s\">\n        <div class=\"image_c\"><img src=\"https:\/\/chisinaucentru.md\/wp-content\/uploads\/2022\/09\/LOGO-2.svg\"><\/div>\n        <div class=\"col2\">\n            <div class=\"title_c\">Raport Semestrul I, Anul 2025<\/div>\n            <a class=\"descarca\"\n               href=\"https:\/\/chisinaucentru.md\/wp-content\/uploads\/2025\/08\/Raport-Semestrul-I-Anul-2025.pdf\"\n               target=\"_blank\">Descarc\u0103<\/a>\n        <\/div>\n    <\/div>\n    <div class=\"common_s\">\n        <div class=\"image_c\"><img src=\"https:\/\/chisinaucentru.md\/wp-content\/uploads\/2022\/09\/LOGO-2.svg\"><\/div>\n        <div class=\"col2\">\n            <div class=\"title_c\">Raport Semestrul II, Anul 2024<\/div>\n            <a class=\"descarca\"\n               href=\"https:\/\/chisinaucentru.md\/wp-content\/uploads\/2025\/01\/Raport-Semestrul-II-Anul-2024.pdf\"\n               target=\"_blank\">Descarc\u0103<\/a>\n        <\/div>\n    <\/div>\n<div class=\"common_s\">\n        <div class=\"image_c\"><img src=\"https:\/\/chisinaucentru.md\/wp-content\/uploads\/2022\/09\/LOGO-2.svg\"><\/div>\n        <div class=\"col2\">\n            <div class=\"title_c\">Raport Semestrul I, Anul 2024<\/div>\n            <a class=\"descarca\"\n               href=\"https:\/\/chisinaucentru.md\/wp-content\/uploads\/2024\/10\/Raport-Semestrul-I-Anul-2024-compressed.pdf\"\n               target=\"_blank\">Descarc\u0103<\/a>\n        <\/div>\n    <\/div>\n    <div class=\"common_s\">\n        <div class=\"image_c\"><img src=\"https:\/\/chisinaucentru.md\/wp-content\/uploads\/2022\/09\/LOGO-2.svg\"><\/div>\n        <div class=\"col2\">\n            <div class=\"title_c\">Raport Semestrul II Anul 2023<\/div>\n            <a class=\"descarca\"\n               href=\"https:\/\/chisinaucentru.md\/wp-content\/uploads\/2024\/02\/Raport-Semestrul-II-Anul-2023.pdf\"\n               target=\"_blank\">Descarc\u0103<\/a>\n        <\/div>\n    <\/div>\n    <div class=\"common_s\">\n        <div class=\"image_c\"><img src=\"https:\/\/chisinaucentru.md\/wp-content\/uploads\/2022\/09\/LOGO-2.svg\"><\/div>\n        <div class=\"col2\">\n            <div class=\"title_c\">Raport Semestrul I Anul 2023<\/div>\n            <a class=\"descarca\"\n               href=\"https:\/\/chisinaucentru.md\/wp-content\/uploads\/2024\/02\/Raport-Semestrul-I-Anul-2023.pdf\"\n               target=\"_blank\">Descarc\u0103<\/a>\n        <\/div>\n    <\/div>\n    <div class=\"common_s\">\n        <div class=\"image_c\"><img src=\"https:\/\/chisinaucentru.md\/wp-content\/uploads\/2022\/09\/LOGO-2.svg\"><\/div>\n        <div class=\"col2\">\n            <div class=\"title_c\">Raport Semestrul II Anul 2022<\/div>\n            <a class=\"descarca\"\n               href=\"https:\/\/chisinaucentru.md\/wp-content\/uploads\/2023\/02\/Raport-Semestrul-II-Anul-2022.pdf\"\n               target=\"_blank\">Descarc\u0103<\/a>\n        <\/div>\n    <\/div>\n    <div class=\"common_s\">\n        <div class=\"image_c\"><img src=\"https:\/\/chisinaucentru.md\/wp-content\/uploads\/2022\/09\/LOGO-2.svg\"><\/div>\n        <div class=\"col2\">\n            <div class=\"title_c\">Raport Semestrul I Anul 2022<\/div>\n            <a class=\"descarca\"\n               href=\"https:\/\/chisinaucentru.md\/wp-content\/uploads\/2023\/02\/RAPORT-SEMESTRUL-I-ANUL-2022.pdf\"\n               target=\"_blank\">Descarc\u0103<\/a>\n        <\/div>\n    <\/div>\n    <div class=\"common_s\">\n        <div class=\"image_c\"><img src=\"https:\/\/chisinaucentru.md\/wp-content\/uploads\/2022\/09\/LOGO-2.svg\"><\/div>\n        <div class=\"col2\">\n            <div class=\"title_c\">Raport Semestrul II Anul 2021<\/div>\n            <a class=\"descarca\"\n               href=\"https:\/\/chisinaucentru.md\/wp-content\/uploads\/2022\/07\/RAPORT-SEMESTRUL-II-ANUL-2021.pdf\"\n               target=\"_blank\">Descarc\u0103<\/a>\n        <\/div>\n    <\/div>\n    <div class=\"common_s\">\n        <div class=\"image_c\"><img src=\"https:\/\/chisinaucentru.md\/wp-content\/uploads\/2022\/09\/LOGO-2.svg\"><\/div>\n        <div class=\"col2\">\n            <div class=\"title_c\">Raport Semestrul I Anul 2021<\/div>\n            <a class=\"descarca\" href=\"https:\/\/chisinaucentru.md\/wp-content\/uploads\/2021\/09\/Raportul-sem-I-anul-2021.pdf\"\n               target=\"_blank\">Descarc\u0103<\/a>\n        <\/div>\n    <\/div>\n    <div class=\"common_s\">\n        <div class=\"image_c\"><img src=\"https:\/\/chisinaucentru.md\/wp-content\/uploads\/2022\/09\/LOGO-2.svg\"><\/div>\n        <div class=\"col2\">\n            <div class=\"title_c\">Raport Semestrul II Anul 2020<\/div>\n            <a class=\"descarca\"\n               href=\"https:\/\/chisinaucentru.md\/wp-content\/uploads\/2021\/06\/Raport-semistrului-II-anul-2020-min.pdf\"\n               target=\"_blank\">Descarc\u0103<\/a>\n        <\/div>\n    <\/div>\n    <div class=\"common_s\">\n        <div class=\"image_c\"><img src=\"https:\/\/chisinaucentru.md\/wp-content\/uploads\/2022\/09\/LOGO-2.svg\"><\/div>\n        <div class=\"col2\">\n            <div class=\"title_c\">Raport Semestrul I Anul 2020<\/div>\n            <a class=\"descarca\"\n               href=\"https:\/\/chisinaucentru.md\/wp-content\/uploads\/2020\/07\/Raport-I-semestru-anul-2020_compressed.pdf\"\n               target=\"_blank\">Descarc\u0103<\/a>\n        <\/div>\n    <\/div>\n    <div class=\"common_s\">\n        <div class=\"image_c\"><img src=\"https:\/\/chisinaucentru.md\/wp-content\/uploads\/2022\/09\/LOGO-2.svg\"><\/div>\n        <div class=\"col2\">\n            <div class=\"title_c\">Raport Semestrul II Anul 2019<\/div>\n            <a class=\"descarca\"\n               href=\"https:\/\/chisinaucentru.md\/wp-content\/uploads\/2021\/11\/Raport-de-activitate-semestrul-II-2019.pdf\"\n               target=\"_blank\">Descarc\u0103<\/a>\n        <\/div>\n    <\/div>\n    <div class=\"common_s\">\n        <div class=\"image_c\"><img src=\"https:\/\/chisinaucentru.md\/wp-content\/uploads\/2022\/09\/LOGO-2.svg\"><\/div>\n        <div class=\"col2\">\n            <div class=\"title_c\">Raport Semestrul I Anul 2019<\/div>\n            <a class=\"descarca\"\n               href=\"https:\/\/chisinaucentru.md\/wp-content\/uploads\/2021\/11\/Raport-de-activitate-semestrul-I-2019.pdf\"\n               target=\"_blank\">Descarc\u0103<\/a>\n        <\/div>\n    <\/div>\n    <div class=\"common_s\">\n        <div class=\"image_c\"><img src=\"https:\/\/chisinaucentru.md\/wp-content\/uploads\/2022\/09\/LOGO-2.svg\"><\/div>\n        <div class=\"col2\">\n            <div class=\"title_c\">Raport Semestrul II Anul 2018<\/div>\n            <a class=\"descarca\"\n               href=\"https:\/\/chisinaucentru.md\/wp-content\/uploads\/2021\/11\/Raport-de-activitate-sem.-II-2018.pdf\"\n               target=\"_blank\">Descarc\u0103<\/a>\n        <\/div>\n    <\/div>\n    <div class=\"common_s\">\n        <div class=\"image_c\"><img src=\"https:\/\/chisinaucentru.md\/wp-content\/uploads\/2022\/09\/LOGO-2.svg\"><\/div>\n        <div class=\"col2\">\n            <div class=\"title_c\">Raport Semestrul I Anul 2018<\/div>\n            <a class=\"descarca\"\n               href=\"https:\/\/chisinaucentru.md\/wp-content\/uploads\/2019\/02\/Raport-semestrul-I-anul-2018.docx\"\n               target=\"_blank\">Descarc\u0103<\/a>\n        <\/div>\n    <\/div>\n<\/div>\n\t\t<\/div>\n\t<\/div>\n<\/div><\/div><\/div><\/div>","protected":false},"excerpt":{"rendered":"<p>Raport Semestrul II, Anul 2025 Descarc\u0103 Raport Semestrul I, Anul 2025 Descarc\u0103 Raport Semestrul II, Anul 2024 Descarc\u0103 Raport Semestrul I, Anul 2024 Descarc\u0103 Raport Semestrul II Anul 2023 Descarc\u0103 Raport Semestrul I Anul 2023 Descarc\u0103 Raport Semestrul II Anul 2022 Descarc\u0103 Raport Semestrul I Anul 2022 Descarc\u0103 Raport Semestrul II Anul 2021 Descarc\u0103 Raport&hellip;<\/p>","protected":false},"author":1,"featured_media":0,"parent":0,"menu_order":0,"comment_status":"closed","ping_status":"closed","template":"","meta":[],"acf":[],"_links":{"self":[{"href":"https:\/\/chisinaucentru.md\/en\/wp-json\/wp\/v2\/pages\/45710"}],"collection":[{"href":"https:\/\/chisinaucentru.md\/en\/wp-json\/wp\/v2\/pages"}],"about":[{"href":"https:\/\/chisinaucentru.md\/en\/wp-json\/wp\/v2\/types\/page"}],"author":[{"embeddable":true,"href":"https:\/\/chisinaucentru.md\/en\/wp-json\/wp\/v2\/users\/1"}],"replies":[{"embeddable":true,"href":"https:\/\/chisinaucentru.md\/en\/wp-json\/wp\/v2\/comments?post=45710"}],"version-history":[{"count":12,"href":"https:\/\/chisinaucentru.md\/en\/wp-json\/wp\/v2\/pages\/45710\/revisions"}],"predecessor-version":[{"id":98183,"href":"https:\/\/chisinaucentru.md\/en\/wp-json\/wp\/v2\/pages\/45710\/revisions\/98183"}],"wp:attachment":[{"href":"https:\/\/chisinaucentru.md\/en\/wp-json\/wp\/v2\/media?parent=45710"}],"curies":[{"name":"wp","href":"https:\/\/api.w.org\/{rel}","templated":true}]}}