{"id":43644,"date":"2016-11-01T11:32:50","date_gmt":"2016-11-01T11:32:50","guid":{"rendered":"http:\/\/chisinaucentru.koz.md\/?page_id=43644"},"modified":"2026-03-30T09:59:51","modified_gmt":"2026-03-30T06:59:51","slug":"regulamente","status":"publish","type":"page","link":"https:\/\/chisinaucentru.md\/en\/regulamente\/","title":{"rendered":"Regulamente"},"content":{"rendered":"<div class=\"vc_row wpb_row vc_row-fluid dt-default\" style=\"margin-top: 0px;margin-bottom: 0px\"><div class=\"wpb_column vc_column_container vc_col-sm-12\"><div class=\"vc_column-inner\"><div class=\"wpb_wrapper\">\n\t<div class=\"wpb_raw_code wpb_content_element wpb_raw_html\" >\n\t\t<div class=\"wpb_wrapper\">\n\t\t\t<table class=\"alignleft\" style=\"border-collapse: collapse; border: none;\">\n<tbody>\n<tr style=\"height: 14.0pt;\">\n<td style=\"width: 650.0pt; border: solid windowtext 1.0pt; border-left: none; padding: 0cm 5.4pt 0cm 5.4pt;\" rowspan=\"2\" bgcolor=\"#1e73be\" width=\"264\">\n<span style=\"color: #ffffff;\"><strong>Titlu<\/strong><\/span>\n<\/td>\n<td style=\"width: 70.0pt; border: solid windowtext 1.0pt; border-left: none; padding: 0cm 5.4pt 0cm 5.4pt;\" rowspan=\"2\" bgcolor=\"#1e73be\" width=\"100\">\n<span style=\"color: #ffffff;\"><strong>Descarc\u0103<\/strong><\/span>\n<\/td>\n<td style=\"height: 14.0pt; border: none;\" width=\"0\"><\/td>\n<\/tr>\n<tr style=\"height: 14.0pt;\">\n<td style=\"height: 14.0pt; border: none;\" width=\"0\"><\/td>\n<\/tr>\n<tr>\n<td style=\"width: 263.6pt; border-top: none; border-bottom: 1pt solid windowtext; border-right: 1pt solid windowtext; border-left: 1pt solid windowtext;  padding: 0cm 5.4pt; width=\"264\">Instruc\u021biune privind stabilirea normelor de elaborare a schemelor de salubrizare \u0219i amenajare a teritoriului<\/td>\n<td style=\"width: 5cm; border-top: none; border-left: none; border-bottom: 1pt solid windowtext; border-right: 1pt solid windowtext; padding: 0cm 5.4pt; width=\"142\"><a href=\"https:\/\/chisinaucentru.md\/wp-content\/uploads\/2026\/03\/Instructiune_privind_elaborarea_schemelor_de_salubrizare_si_amenajare.pdf\" target=\"_blank\" rel=\"noopener\">click aici<\/a><\/td>\n<\/tr>\n<tr>\n<td style=\"width: 263.6pt; border-top: none; border-bottom: 1pt solid windowtext; border-right: 1pt solid windowtext; border-left: 1pt solid windowtext;  padding: 0cm 5.4pt; width=\"264\">Regulament cu privire la instituirea Sistemului de supraveghere video portabil \"Camerele de corp\"<\/td>\n<td style=\"width: 5cm; border-top: none; border-left: none; border-bottom: 1pt solid windowtext; border-right: 1pt solid windowtext; padding: 0cm 5.4pt; width=\"142\"><a href=\"https:\/\/chisinaucentru.md\/wp-content\/uploads\/2026\/03\/Regulament-Sistemul-de-supraveghere-video-portabil.pdf\" target=\"_blank\" rel=\"noopener\">click aici<\/a><\/td>\n<\/tr>\n<tr>\n<td style=\"width: 263.6pt; border-top: none; border-bottom: 1pt solid windowtext; border-right: 1pt solid windowtext; border-left: 1pt solid windowtext;  padding: 0cm 5.4pt; width=\"264\">Regulament privind modul de eliberare a permiselor de acces pentru unit\u0103\u021bile de comer\u021b ambulant \u00een cadrul t\u00e2rgurilor, iarmaroacelor, manifest\u0103rilor culturale, turistice, sportive \u0219i ale altor evenimente similare organizate \u00een sectorul Centru<\/td>\n<td style=\"width: 5cm; border-top: none; border-left: none; border-bottom: 1pt solid windowtext; border-right: 1pt solid windowtext; padding: 0cm 5.4pt; width=\"142\"><a href=\"https:\/\/chisinaucentru.md\/wp-content\/uploads\/2026\/03\/Regulament_privind_modul_de_eliberare_a_permiselor_de_acces_i\u0302n_cadrul.pdf\" target=\"_blank\" rel=\"noopener\">click aici<\/a><\/td>\n<\/tr>\n<tr>\n<td style=\"width: 263.6pt; border-top: none; border-bottom: 1pt solid windowtext; border-right: 1pt solid windowtext; border-left: 1pt solid windowtext;  padding: 0cm 5.4pt; width=\"264\">Regulament privind modul de desfa\u0306surare, planificare si achizit\u0326ionare a bunurilor, lucra\u0306rilor si serviciilor i\u0302n cadrul Preturii sectorului Centru<\/td>\n<td style=\"width: 5cm; border-top: none; border-left: none; border-bottom: 1pt solid windowtext; border-right: 1pt solid windowtext; padding: 0cm 5.4pt; width=\"142\"><a href=\"https:\/\/chisinaucentru.md\/wp-content\/uploads\/2025\/09\/Regulament-privind-modul-de-desfa\u0306surare-planificare-si-achizit\u0326ionare-a-bunurilor.pdf\" target=\"_blank\" rel=\"noopener\">click aici<\/a><\/td>\n<\/tr>\n<tr>\n<td style=\"width: 263.6pt; border-top: none; border-bottom: 1pt solid windowtext; border-right: 1pt solid windowtext; border-left: 1pt solid windowtext;  padding: 0cm 5.4pt; width=\"264\">Regulament privind achizit\u0326iile publice de valoare mica\u0306<\/td>\n<td style=\"width: 5cm; border-top: none; border-left: none; border-bottom: 1pt solid windowtext; border-right: 1pt solid windowtext; padding: 0cm 5.4pt; width=\"142\"><a href=\"https:\/\/chisinaucentru.md\/wp-content\/uploads\/2025\/09\/Regulament-privind-achizit\u0326iile-publice-de-valoare-mica\u0306.pdf\" target=\"_blank\" rel=\"noopener\">click aici<\/a><\/td>\n<\/tr>\n<tr>\n<td style=\"width: 263.6pt; border-top: none; border-bottom: 1pt solid windowtext; border-right: 1pt solid windowtext; border-left: 1pt solid windowtext;  padding: 0cm 5.4pt; width=\"264\">Regulament intern privind activitatea grupului de lucru \u00een domeniul achizi\u021biilor publice \u00een cadrul Preturii sectorului Centru<\/td>\n<td style=\"width: 5cm; border-top: none; border-left: none; border-bottom: 1pt solid windowtext; border-right: 1pt solid windowtext; padding: 0cm 5.4pt; width=\"142\"><a href=\"https:\/\/chisinaucentru.md\/wp-content\/uploads\/2025\/09\/Regulament-intern-privind-activitatea-grupului-de-lucru-in-domeniul.pdf\" target=\"_blank\" rel=\"noopener\">click aici<\/a><\/td>\n<\/tr>\n<tr>\n<td style=\"width: 263.6pt; border-top: none; border-bottom: 1pt solid windowtext; border-right: 1pt solid windowtext; border-left: 1pt solid windowtext;  padding: 0cm 5.4pt; width=\"264\">Regulament privind asigurarea accesului la informa\u021bii de interes public<\/td>\n<td style=\"width: 5cm; border-top: none; border-left: none; border-bottom: 1pt solid windowtext; border-right: 1pt solid windowtext; padding: 0cm 5.4pt; width=\"142\"><a href=\"https:\/\/chisinaucentru.md\/wp-content\/uploads\/2025\/09\/Regulament-privind-asigurarea-accesului-la-informatii-de-interes-public_compressed.pdf\" target=\"_blank\" rel=\"noopener\">click aici<\/a><\/td>\n<\/tr>\n<tr>\n<td style=\"width: 263.6pt; border-top: none; border-bottom: 1pt solid windowtext; border-right: 1pt solid windowtext; border-left: 1pt solid windowtext;  padding: 0cm 5.4pt; width=\"264\">Cod de etic\u0103<\/td>\n<td style=\"width: 5cm; border-top: none; border-left: none; border-bottom: 1pt solid windowtext; border-right: 1pt solid windowtext; padding: 0cm 5.4pt; width=\"142\"><a href=\"https:\/\/chisinaucentru.md\/wp-content\/uploads\/2025\/09\/Cod-de-etica_compressed.pdf\" target=\"_blank\" rel=\"noopener\">click aici<\/a><\/td>\n<\/tr>\n<tr>\n<td style=\"width: 263.6pt; border-top: none; border-bottom: 1pt solid windowtext; border-right: 1pt solid windowtext; border-left: 1pt solid windowtext;  padding: 0cm 5.4pt; width=\"264\">Statut disciplinar<\/td>\n<td style=\"width: 5cm; border-top: none; border-left: none; border-bottom: 1pt solid windowtext; border-right: 1pt solid windowtext; padding: 0cm 5.4pt; width=\"142\"><a href=\"https:\/\/chisinaucentru.md\/wp-content\/uploads\/2025\/09\/Statut-disciplinar_compressed.pdf\" target=\"_blank\" rel=\"noopener\">click aici<\/a><\/td>\n<\/tr>\n<tr>\n<td style=\"width: 263.6pt; border-top: none; border-bottom: 1pt solid windowtext; border-right: 1pt solid windowtext; border-left: 1pt solid windowtext;  padding: 0cm 5.4pt; width=\"264\">Regulament pentru desf\u0103\u0219urarea concursului pentru ocuparea func\u021biei publice vacante<\/td>\n<td style=\"width: 5cm; border-top: none; border-left: none; border-bottom: 1pt solid windowtext; border-right: 1pt solid windowtext; padding: 0cm 5.4pt; width=\"142\"><a href=\"https:\/\/chisinaucentru.md\/wp-content\/uploads\/2025\/09\/Regulament-pentru-desfasurarea-concursului-pentru-ocuparea-functiei-publice-vacante_compressed.pdf\" target=\"_blank\" rel=\"noopener\">click aici<\/a><\/td>\n<\/tr>\n<tr>\n<td style=\"width: 263.6pt; border-top: none; border-bottom: 1pt solid windowtext; border-right: 1pt solid windowtext; border-left: 1pt solid windowtext;  padding: 0cm 5.4pt; width=\"264\">Regulament pentru respectarea normelor de etic\u0103 \u0219i deontologie<\/td>\n<td style=\"width: 5cm; border-top: none; border-left: none; border-bottom: 1pt solid windowtext; border-right: 1pt solid windowtext; padding: 0cm 5.4pt; width=\"142\"><a href=\"https:\/\/chisinaucentru.md\/wp-content\/uploads\/2025\/09\/Regulament-pentru-respectarea-normelor-de-etica-si-deontologie.pdf\" target=\"_blank\" rel=\"noopener\">click aici<\/a><\/td>\n<\/tr>\n<tr>\n<td style=\"width: 263.6pt; border-top: none; border-bottom: 1pt solid windowtext; border-right: 1pt solid windowtext; border-left: 1pt solid windowtext;  padding: 0cm 5.4pt; width=\"264\">Regulamentul de organizare \u0219i func\u021bionare a preturii<\/td>\n<td style=\"width: 5cm; border-top: none; border-left: none; border-bottom: 1pt solid windowtext; border-right: 1pt solid windowtext; padding: 0cm 5.4pt; width=\"142\"><a href=\"https:\/\/chisinaucentru.md\/wp-content\/uploads\/2020\/11\/Regulamentul-de-organizare-si-functionare-a-preturilor-de-sector.pdf\" target=\"_blank\" rel=\"noopener\">click aici<\/a><\/td>\n<\/tr>\n<\/tbody>\n<\/table>\n\t\t<\/div>\n\t<\/div>\n<\/div><\/div><\/div><\/div>","protected":false},"excerpt":{"rendered":"<p>Titlu Descarc\u0103 click aici click aici click aici click aici click aici click aici click aici click aici click aici click aici click aici click aici<\/p>","protected":false},"author":1,"featured_media":0,"parent":0,"menu_order":0,"comment_status":"closed","ping_status":"closed","template":"","meta":[],"acf":[],"_links":{"self":[{"href":"https:\/\/chisinaucentru.md\/en\/wp-json\/wp\/v2\/pages\/43644"}],"collection":[{"href":"https:\/\/chisinaucentru.md\/en\/wp-json\/wp\/v2\/pages"}],"about":[{"href":"https:\/\/chisinaucentru.md\/en\/wp-json\/wp\/v2\/types\/page"}],"author":[{"embeddable":true,"href":"https:\/\/chisinaucentru.md\/en\/wp-json\/wp\/v2\/users\/1"}],"replies":[{"embeddable":true,"href":"https:\/\/chisinaucentru.md\/en\/wp-json\/wp\/v2\/comments?post=43644"}],"version-history":[{"count":12,"href":"https:\/\/chisinaucentru.md\/en\/wp-json\/wp\/v2\/pages\/43644\/revisions"}],"predecessor-version":[{"id":99901,"href":"https:\/\/chisinaucentru.md\/en\/wp-json\/wp\/v2\/pages\/43644\/revisions\/99901"}],"wp:attachment":[{"href":"https:\/\/chisinaucentru.md\/en\/wp-json\/wp\/v2\/media?parent=43644"}],"curies":[{"name":"wp","href":"https:\/\/api.w.org\/{rel}","templated":true}]}}