{"id":43393,"date":"2017-01-01T07:45:39","date_gmt":"2017-01-01T07:45:39","guid":{"rendered":"http:\/\/chisinaucentru.koz.md\/?page_id=43393"},"modified":"2022-09-09T16:12:45","modified_gmt":"2022-09-09T13:12:45","slug":"programe-de-activitate","status":"publish","type":"page","link":"https:\/\/chisinaucentru.md\/en\/programe-de-activitate\/","title":{"rendered":"Programe de activitate"},"content":{"rendered":"<div class=\"vc_row wpb_row vc_row-fluid dt-default\" style=\"margin-top: 0px;margin-bottom: 0px\"><div class=\"wpb_column vc_column_container vc_col-sm-12\"><div class=\"vc_column-inner\"><div class=\"wpb_wrapper\">\n\t<div class=\"wpb_raw_code wpb_content_element wpb_raw_html\" >\n\t\t<div class=\"wpb_wrapper\">\n\t\t\t<div class=\"common_wrapper\">\n    <div class=\"common_s\">\n        <div class=\"image_c\"><img src=\"https:\/\/chisinaucentru.md\/wp-content\/uploads\/2022\/09\/LOGO-2.svg\"><\/div>\n        <div class=\"col2\">\n            <div class=\"title_c\">Program de activitate 2021<\/div>\n            <a class=\"descarca\" href=\"https:\/\/chisinaucentru.md\/wp-content\/uploads\/2021\/07\/Program-de-activitate-2021.pdf\" target=\"_blank\">Descarc\u0103<\/a>\n        <\/div>\n    <\/div>\n    <div class=\"common_s\">\n        <div class=\"image_c\"><img src=\"https:\/\/chisinaucentru.md\/wp-content\/uploads\/2022\/09\/LOGO-2.svg\"><\/div>\n        <div class=\"col2\">\n            <div class=\"title_c\">Program de activitate 2020<\/div>\n            <a class=\"descarca\" href=\"https:\/\/chisinaucentru.md\/wp-content\/uploads\/2021\/07\/Program-de-activitate-2020.pdf\" target=\"_blank\">Descarc\u0103<\/a>\n        <\/div>\n    <\/div>\n    <div class=\"common_s\">\n        <div class=\"image_c\"><img src=\"https:\/\/chisinaucentru.md\/wp-content\/uploads\/2022\/09\/LOGO-2.svg\"><\/div>\n        <div class=\"col2\">\n            <div class=\"title_c\">Program de activitate 2019<\/div>\n            <a class=\"descarca\" href=\"https:\/\/chisinaucentru.md\/wp-content\/uploads\/2019\/02\/Programul-de-activitate.pdf\" target=\"_blank\">Descarc\u0103<\/a>\n        <\/div>\n    <\/div>\n    <div class=\"common_s\">\n        <div class=\"image_c\"><img src=\"https:\/\/chisinaucentru.md\/wp-content\/uploads\/2022\/09\/LOGO-2.svg\"><\/div>\n        <div class=\"col2\">\n            <div class=\"title_c\">Program de activitate 2018<\/div>\n            <a class=\"descarca\" href=\"https:\/\/chisinaucentru.md\/wp-content\/uploads\/2018\/02\/Programul-de-activitate-al-Preturii-sectorului-Centru-pentru-anul-2018.pdf\" target=\"_blank\">Descarc\u0103<\/a>\n        <\/div>\n    <\/div>\n<\/div>\n\t\t<\/div>\n\t<\/div>\n<\/div><\/div><\/div><\/div>","protected":false},"excerpt":{"rendered":"<p>Program de activitate 2021 Descarc\u0103 Program de activitate 2020 Descarc\u0103 Program de activitate 2019 Descarc\u0103 Program de activitate 2018 Descarc\u0103<\/p>","protected":false},"author":1,"featured_media":0,"parent":0,"menu_order":0,"comment_status":"closed","ping_status":"closed","template":"","meta":[],"acf":[],"_links":{"self":[{"href":"https:\/\/chisinaucentru.md\/en\/wp-json\/wp\/v2\/pages\/43393"}],"collection":[{"href":"https:\/\/chisinaucentru.md\/en\/wp-json\/wp\/v2\/pages"}],"about":[{"href":"https:\/\/chisinaucentru.md\/en\/wp-json\/wp\/v2\/types\/page"}],"author":[{"embeddable":true,"href":"https:\/\/chisinaucentru.md\/en\/wp-json\/wp\/v2\/users\/1"}],"replies":[{"embeddable":true,"href":"https:\/\/chisinaucentru.md\/en\/wp-json\/wp\/v2\/comments?post=43393"}],"version-history":[{"count":5,"href":"https:\/\/chisinaucentru.md\/en\/wp-json\/wp\/v2\/pages\/43393\/revisions"}],"predecessor-version":[{"id":61145,"href":"https:\/\/chisinaucentru.md\/en\/wp-json\/wp\/v2\/pages\/43393\/revisions\/61145"}],"wp:attachment":[{"href":"https:\/\/chisinaucentru.md\/en\/wp-json\/wp\/v2\/media?parent=43393"}],"curies":[{"name":"wp","href":"https:\/\/api.w.org\/{rel}","templated":true}]}}