{"id":43314,"date":"2016-10-18T08:08:20","date_gmt":"2016-10-18T08:08:20","guid":{"rendered":"http:\/\/chisinaucentru.koz.md\/?page_id=43314"},"modified":"2025-04-01T13:22:52","modified_gmt":"2025-04-01T10:22:52","slug":"i-m-g-f-l","status":"publish","type":"page","link":"https:\/\/chisinaucentru.md\/en\/i-m-g-f-l\/","title":{"rendered":"\u00ce.M.G.F.L"},"content":{"rendered":"<div class=\"vc_row wpb_row vc_row-fluid dt-default\" style=\"margin-top: 0px;margin-bottom: 0px\"><div class=\"wpb_column vc_column_container vc_col-sm-12\"><div class=\"vc_column-inner\"><div class=\"wpb_wrapper\"><div class=\"dt-fancy-separator title-left h3-size accent-title-color accent-border-color\" style=\"width: 100%;\"><div class=\"dt-fancy-title\"><span class=\"separator-holder separator-left\"><\/span>\u00centreprinderi Municipale de Gestionare a Fondului Locativ<span class=\"separator-holder separator-right\"><\/span><\/div><\/div><div class=\"gap\" style=\"line-height: 20px; height: 20px;\"><\/div><div class=\"vc_row wpb_row vc_inner vc_row-fluid\"><div class=\"wpb_column vc_column_container vc_col-sm-12\"><div class=\"vc_column-inner\"><div class=\"wpb_wrapper\">\n\t<div class=\"wpb_text_column wpb_content_element\" >\n\t\t<div class=\"wpb_wrapper\">\n\t\t\t<table border=\"0\" width=\"100%\" cellspacing=\"1\" cellpadding=\"2\">\n<tbody>\n<tr>\n<td bgcolor=\"#BFF4FF\" width=\"17\" height=\"38\">\n<div style=\"text-align: left;\" align=\"center\"><strong>\u00centreprindere<\/strong><\/div>\n<\/td>\n<td bgcolor=\"#BFF4FF\" width=\"235\">\n<div style=\"text-align: left;\" align=\"center\"><b>Manager<\/b><\/div>\n<\/td>\n<td bgcolor=\"#BFF4FF\" width=\"70\">\n<div style=\"text-align: left;\" align=\"center\"><strong>Telefon<\/strong><\/div>\n<\/td>\n<td bgcolor=\"#BFF4FF\" width=\"85\">\n<div align=\"center\"><strong>Adresa<\/strong><\/div>\n<\/td>\n<\/tr>\n<tr>\n<td valign=\"top\" bgcolor=\"#ECFBFF\">\u00ce.M.G.F.L. nr. 8<\/td>\n<td valign=\"top\" bgcolor=\"#ECFBFF\">Iurie Dumbr\u0103veanu<\/td>\n<td valign=\"top\" bgcolor=\"#ECFBFF\">(022) 22 33 97<br \/>\n069800046<\/td>\n<td bgcolor=\"#ECFBFF\">\n<div align=\"center\">Str. M. Eminescu, 30<\/div>\n<\/td>\n<\/tr>\n<tr>\n<td valign=\"top\" bgcolor=\"#DDF9FF\">\u00ce.M.G.F.L. nr. 9<\/td>\n<td valign=\"top\" bgcolor=\"#DDF9FF\">Iurie Dumbr\u0103veanu<\/td>\n<td valign=\"top\" bgcolor=\"#DDF9FF\">(022) 54 70 59<br \/>\n067303437<\/td>\n<td bgcolor=\"#DDF9FF\">\n<div align=\"center\">Str. Ismail, 86<\/div>\n<\/td>\n<\/tr>\n<tr>\n<td valign=\"top\" bgcolor=\"#ECFBFF\">\u00ce.M.G.F.L. nr. 10<\/td>\n<td valign=\"top\" bgcolor=\"#ECFBFF\">Alexandra Florea<\/td>\n<td valign=\"top\" bgcolor=\"#ECFBFF\">(022) 72 94 05<\/td>\n<td bgcolor=\"#ECFBFF\">\n<div align=\"center\">Str. V. Alecsandri, 17<\/div>\n<\/td>\n<\/tr>\n<tr>\n<td valign=\"top\" bgcolor=\"#DDF9FF\">\u00ce.M.G.F.L. nr. 11<\/td>\n<td valign=\"top\" bgcolor=\"#DDF9FF\">Galina Cazacu<\/td>\n<td valign=\"top\" bgcolor=\"#DDF9FF\">(022) 89 69 79<\/td>\n<td bgcolor=\"#DDF9FF\">\n<div align=\"center\">Str. Gh. Asachi, 52<\/div>\n<\/td>\n<\/tr>\n<tr>\n<td valign=\"top\" bgcolor=\"#ECFBFF\">\u00ce.M.G.F.L. nr. 12<\/td>\n<td valign=\"top\" bgcolor=\"#ECFBFF\">Galina Cazacu<\/td>\n<td valign=\"top\" bgcolor=\"#ECFBFF\">(022) 86 69 12<\/td>\n<td bgcolor=\"#ECFBFF\">\n<div align=\"center\">Str. Spr\u00e2ncenoaia, 6<\/div>\n<\/td>\n<\/tr>\n<\/tbody>\n<\/table>\n\n\t\t<\/div>\n\t<\/div>\n<\/div><\/div><\/div><\/div><\/div><\/div><\/div><\/div>","protected":false},"excerpt":{"rendered":"<p>\u00centreprinderi Municipale de Gestionare a Fondului Locativ \u00centreprindere Manager Telefon Adresa \u00ce.M.G.F.L. nr. 8 Iurie Dumbr\u0103veanu (022) 22 33 97 069800046 Str. M. Eminescu, 30 \u00ce.M.G.F.L. nr. 9 Iurie Dumbr\u0103veanu (022) 54 70 59 067303437 Str. Ismail, 86 \u00ce.M.G.F.L. nr. 10 Alexandra Florea (022) 72 94 05 Str. V. Alecsandri, 17 \u00ce.M.G.F.L. nr. 11 Galina&hellip;<\/p>","protected":false},"author":1,"featured_media":0,"parent":0,"menu_order":0,"comment_status":"closed","ping_status":"closed","template":"","meta":[],"acf":[],"_links":{"self":[{"href":"https:\/\/chisinaucentru.md\/en\/wp-json\/wp\/v2\/pages\/43314"}],"collection":[{"href":"https:\/\/chisinaucentru.md\/en\/wp-json\/wp\/v2\/pages"}],"about":[{"href":"https:\/\/chisinaucentru.md\/en\/wp-json\/wp\/v2\/types\/page"}],"author":[{"embeddable":true,"href":"https:\/\/chisinaucentru.md\/en\/wp-json\/wp\/v2\/users\/1"}],"replies":[{"embeddable":true,"href":"https:\/\/chisinaucentru.md\/en\/wp-json\/wp\/v2\/comments?post=43314"}],"version-history":[{"count":10,"href":"https:\/\/chisinaucentru.md\/en\/wp-json\/wp\/v2\/pages\/43314\/revisions"}],"predecessor-version":[{"id":89111,"href":"https:\/\/chisinaucentru.md\/en\/wp-json\/wp\/v2\/pages\/43314\/revisions\/89111"}],"wp:attachment":[{"href":"https:\/\/chisinaucentru.md\/en\/wp-json\/wp\/v2\/media?parent=43314"}],"curies":[{"name":"wp","href":"https:\/\/api.w.org\/{rel}","templated":true}]}}