{"id":43302,"date":"2016-10-18T08:07:22","date_gmt":"2016-10-18T08:07:22","guid":{"rendered":"http:\/\/chisinaucentru.koz.md\/?page_id=43302"},"modified":"2025-04-01T13:26:06","modified_gmt":"2025-04-01T10:26:06","slug":"directia-asistenta-sociala","status":"publish","type":"page","link":"https:\/\/chisinaucentru.md\/en\/directia-asistenta-sociala\/","title":{"rendered":"Direc\u0163ia Asisten\u0163\u0103 Social\u0103"},"content":{"rendered":"<div class=\"vc_row wpb_row vc_row-fluid dt-default\" style=\"margin-top: 0px;margin-bottom: 0px\"><div class=\"wpb_column vc_column_container vc_col-sm-12\"><div class=\"vc_column-inner\"><div class=\"wpb_wrapper\"><div class=\"dt-fancy-separator title-left h3-size accent-title-color accent-border-color\" style=\"width: 100%;\"><div class=\"dt-fancy-title\"><span class=\"separator-holder separator-left\"><\/span>Date Generale<span class=\"separator-holder separator-right\"><\/span><\/div><\/div><div class=\"vc_empty_space\"   style=\"height: 20px\"><span class=\"vc_empty_space_inner\"><\/span><\/div>\n\t<div class=\"wpb_text_column wpb_content_element\" >\n\t\t<div class=\"wpb_wrapper\">\n\t\t\t<p>Este o subdiviziune a Direc\u0163iei Generale Asisten\u0163\u0103 Social\u0103 a municipiului Chi\u015fin\u0103u. La nivel de sector, asigur\u0103 promovarea \u015fi realizarea politicii de protec\u0163ie social\u0103 a popula\u0163iei.<\/p>\n\n\t\t<\/div>\n\t<\/div>\n<div class=\"vc_row wpb_row vc_inner vc_row-fluid\"><div class=\"wpb_column vc_column_container vc_col-sm-12\"><div class=\"vc_column-inner\"><div class=\"wpb_wrapper\">\n\t<div class=\"wpb_text_column wpb_content_element\" >\n\t\t<div class=\"wpb_wrapper\">\n\t\t\t<table border=\"0\" width=\"100%\" cellspacing=\"1\" cellpadding=\"2\">\n<tbody>\n<tr>\n<td bgcolor=\"#BFF4FF\" width=\"17\" height=\"38\">\n<div style=\"text-align: left;\" align=\"center\"><strong>Nr.<\/strong><\/div>\n<\/td>\n<td bgcolor=\"#BFF4FF\" width=\"235\">\n<div style=\"text-align: left;\" align=\"center\"><b>Func\u021bie<\/b><\/div>\n<\/td>\n<td bgcolor=\"#BFF4FF\" width=\"70\">\n<div style=\"text-align: left;\" align=\"center\"><strong>Nume, Prenume<\/strong><\/div>\n<\/td>\n<td bgcolor=\"#BFF4FF\" width=\"85\">\n<div style=\"text-align: center;\" align=\"center\"><strong>Nr. telefon<\/strong><\/div>\n<\/td>\n<\/tr>\n<tr>\n<td valign=\"top\" bgcolor=\"#ECFBFF\">1.<\/td>\n<td valign=\"top\" bgcolor=\"#ECFBFF\">\u015eef de Direc\u0163ie<\/td>\n<td valign=\"top\" bgcolor=\"#ECFBFF\">Eudochia Parancenco<\/td>\n<td bgcolor=\"#ECFBFF\">\n<div align=\"center\">(022) 78-29-12<\/div>\n<\/td>\n<\/tr>\n<tr>\n<td valign=\"top\" bgcolor=\"#DDF9FF\">2.<\/td>\n<td valign=\"top\" bgcolor=\"#DDF9FF\">\u015eef , Sec\u021bia presta\u021bii sociale<\/td>\n<td valign=\"top\" bgcolor=\"#DDF9FF\">Ruslan Zaharia<\/td>\n<td bgcolor=\"#DDF9FF\">\n<div align=\"center\">(022) 22-19-38<\/div>\n<\/td>\n<\/tr>\n<tr>\n<td valign=\"top\" bgcolor=\"#ECFBFF\">3.<\/td>\n<td valign=\"top\" bgcolor=\"#ECFBFF\">\u015eef al sec\u0163iei deservire social\u0103 la domiciliu<\/td>\n<td valign=\"top\" bgcolor=\"#ECFBFF\">Natalia Tabacar<\/td>\n<td bgcolor=\"#ECFBFF\">\n<div align=\"center\">(022) 22-75-31<\/div>\n<\/td>\n<\/tr>\n<tr>\n<td valign=\"top\" bgcolor=\"#DDF9FF\">4.<\/td>\n<td valign=\"top\" bgcolor=\"#DDF9FF\">Specialist principal<\/td>\n<td valign=\"top\" bgcolor=\"#DDF9FF\">Tatiana Rodvan<\/td>\n<td bgcolor=\"#DDF9FF\">\n<div align=\"center\">(022) 22-75-31<\/div>\n<\/td>\n<\/tr>\n<tr>\n<td valign=\"top\" bgcolor=\"#ECFBFF\">5.<\/td>\n<td valign=\"top\" bgcolor=\"#ECFBFF\">Specialist principal<\/td>\n<td valign=\"top\" bgcolor=\"#ECFBFF\">Tatiana Sturzu<\/td>\n<td bgcolor=\"#ECFBFF\">\n<div align=\"center\">(022) 78-29-13<\/div>\n<\/td>\n<\/tr>\n<tr>\n<td valign=\"top\" bgcolor=\"#DDF9FF\">6.<\/td>\n<td valign=\"top\" bgcolor=\"#DDF9FF\">Specialist principal<\/td>\n<td valign=\"top\" bgcolor=\"#DDF9FF\">Larisa Frunza<\/td>\n<td bgcolor=\"#DDF9FF\">\n<div align=\"center\">(022) 22-75-31<\/div>\n<\/td>\n<\/tr>\n<tr>\n<td valign=\"top\" bgcolor=\"#ECFBFF\">7.<\/td>\n<td valign=\"top\" bgcolor=\"#ECFBFF\">\u015eef serviciu social comunitar<\/td>\n<td valign=\"top\" bgcolor=\"#ECFBFF\">Livia Chiaburu<\/td>\n<td bgcolor=\"#ECFBFF\">\n<div align=\"center\">(022) 21-16-22<\/div>\n<\/td>\n<\/tr>\n<tr>\n<td valign=\"top\" bgcolor=\"#ECFBFF\">8.<\/td>\n<td valign=\"top\" bgcolor=\"#ECFBFF\">Specialist peti\u021bii<\/td>\n<td valign=\"top\" bgcolor=\"#ECFBFF\">Frunza Larisa<\/td>\n<td bgcolor=\"#ECFBFF\">\n<div align=\"center\">(022) 22-32-49<\/div>\n<\/td>\n<\/tr>\n<tr>\n<td valign=\"top\" bgcolor=\"#DDF9FF\">9.<\/td>\n<td style=\"text-align: left;\" valign=\"top\" bgcolor=\"#DDF9FF\">Asisten\u0163ii sociali<\/td>\n<td valign=\"top\" bgcolor=\"#DDF9FF\">&#8211;<br \/>\n&#8211;<br \/>\n&#8211;<\/td>\n<td bgcolor=\"#DDF9FF\">\n<div align=\"center\">(022) 22-32-49<br \/>\n(022) 22-19-38<br \/>\n(022) 22-13-44<\/div>\n<\/td>\n<\/tr>\n<\/tbody>\n<\/table>\n\n\t\t<\/div>\n\t<\/div>\n<\/div><\/div><\/div><\/div><div class=\"vc_row wpb_row vc_inner vc_row-fluid\"><div class=\"wpb_column vc_column_container vc_col-sm-12\"><div class=\"vc_column-inner\"><div class=\"wpb_wrapper\"><div class=\"vc_empty_space\"   style=\"height: 32px\"><span class=\"vc_empty_space_inner\"><\/span><\/div><div class=\"dt-fancy-separator title-left h3-size accent-title-color accent-border-color\" style=\"width: 100%;\"><div class=\"dt-fancy-title\"><span class=\"separator-holder separator-left\"><\/span>Serviciile Acordate<span class=\"separator-holder separator-right\"><\/span><\/div><\/div><div class=\"vc_empty_space\"   style=\"height: 20px\"><span class=\"vc_empty_space_inner\"><\/span><\/div>\n\t<div class=\"wpb_text_column wpb_content_element\" >\n\t\t<div class=\"wpb_wrapper\">\n\t\t\t<ul>\n<li style=\"list-style-type: none;\">\n<ul>\n<li>Eliberarea permiselor la c\u0103l\u0103toria gratuit\u0103 \u00een transportul urban;<\/li>\n<li>Perfectarea listelor beneficiarilor de compensa\u0163ie nominativ\u0103 pentru c\u0103l\u0103torie \u00een transportul urban;<\/li>\n<li>Eliberarea taloanelor pentru c\u0103l\u0103torie gratuit\u0103 \u00een cadrul \u0163\u0103rilor membre ale C.S.I. veteranilor \u015fi invalizilor de r\u0103zboi;<\/li>\n<li>Acordarea biletelor de reabilitare medical\u0103;<\/li>\n<li>Acordarea pr\u00e2nzurilor gratuite \u00een cantine sociale;<\/li>\n<li>Distribuirea coletelor cu produse alimentare;<\/li>\n<li>Distribuirea c\u0103rucioarelor \u015fi alt echipament ortopedic;<\/li>\n<li>Distribuirea ajutoarelor umanitare;<\/li>\n<li>Organizarea ac\u0163iunilor de binefacere;<\/li>\n<li>Deservirea la domiciliu a persoanelor singure, v\u00e2rstnice \u015fi cu dezabilit\u0103\u021bi;<\/li>\n<li>Cazarea \u00een aziluri pentru b\u0103tr\u00e2ni, case-internat pentru invalizi a persoanelor singure.<\/li>\n<li>Acordarea ajutorului social \u015fi a ajutorului pentru perioada rece a anului (Legea nr. 133 din 16.06.2008);<\/li>\n<li>Acordarea serviciilor asisten\u021b\u0103 personal\u0103 persoanelor cu dezabilit\u0103\u021bi severe;<\/li>\n<li>Acordarea serviciului suport monetar persoanelor \u0219i familiilor aflate \u00een dificultate;<\/li>\n<li>Acordarea \u0219i stabilirea compensa\u021biei pentru serviciile de transport;<\/li>\n<li>Acordarea compensa\u021biilor par\u021biale a cheltuielilor de transport de peste hotare a corpului ne\u00eensufle\u021bit;<\/li>\n<li>Acordarea ajutorului material familiilor aflate \u00een dificultate.<\/li>\n<\/ul>\n<\/li>\n<\/ul>\n\n\t\t<\/div>\n\t<\/div>\n<\/div><\/div><\/div><\/div><div class=\"vc_row wpb_row vc_inner vc_row-fluid\"><div class=\"wpb_column vc_column_container vc_col-sm-12\"><div class=\"vc_column-inner\"><div class=\"wpb_wrapper\"><div class=\"vc_empty_space\"   style=\"height: 20px\"><span class=\"vc_empty_space_inner\"><\/span><\/div><div class=\"dt-fancy-separator h3-size accent-title-color accent-border-color\" style=\"width: 100%;\"><div class=\"dt-fancy-title\"><span class=\"separator-holder separator-left\"><\/span>Contacte<span class=\"separator-holder separator-right\"><\/span><\/div><\/div><div class=\"vc_empty_space\"   style=\"height: 20px\"><span class=\"vc_empty_space_inner\"><\/span><\/div><\/div><\/div><\/div><\/div><div class=\"vc_row wpb_row vc_inner vc_row-fluid\"><div class=\"wpb_column vc_column_container vc_col-sm-6\"><div class=\"vc_column-inner\"><div class=\"wpb_wrapper\"><div class=\"vc_message_box vc_message_box-standard vc_message_box-rounded vc_color-info\" ><div class=\"vc_message_box-icon\"><i class=\"fa fa-location-arrow\"><\/i><\/div><div id=\"list-icon-wrap-8437\" class=\"uavc-list-content\">\n<div class=\"uavc-list-icon\" style=\"text-align: center;\" data-animation=\"\" data-animation-delay=\"03\">\u00a0Str. M. Eminescu nr. 29, Chi\u0219in\u0103u<\/div>\n<\/div>\n<\/div><div class=\"vc_message_box vc_message_box-standard vc_message_box-rounded vc_color-info\" ><div class=\"vc_message_box-icon\"><i class=\"fas fa-envelope\"><\/i><\/div><p style=\"text-align: center;\">E-mail: <a href=\"mailto:das.centru@dgams.md\">das.centru@dgams.md<\/a><\/p>\n<\/div><\/div><\/div><\/div><div class=\"wpb_column vc_column_container vc_col-sm-6\"><div class=\"vc_column-inner\"><div class=\"wpb_wrapper\"><div class=\"vc_message_box vc_message_box-standard vc_message_box-rounded vc_color-info\" ><div class=\"vc_message_box-icon\"><i class=\"fa fa-phone\"><\/i><\/div><p style=\"text-align: center;\">Telefon: \u00a0(022) 22 75 31, \u00a0 (022) 22 19 38<\/p>\n<\/div><div class=\"vc_message_box vc_message_box-standard vc_message_box-rounded vc_color-info\" ><div class=\"vc_message_box-icon\"><i class=\"fa fa-internet-explorer\"><\/i><\/div><p style=\"text-align: center;\">Web:\u00a0<a href=\"http:\/\/dgas.do.am\/\">http:\/\/dgas.do.am\/<\/a><\/p>\n<\/div><\/div><\/div><\/div><\/div><div class=\"wpb_gmaps_widget wpb_content_element\"><div class=\"wpb_wrapper\"><div class=\"wpb_map_wraper\"><iframe src=\"https:\/\/www.google.com\/maps\/embed?pb=!1m18!1m12!1m3!1d1360.0368603542702!2d28.83183581522422!3d47.019157941248345!2m3!1f0!2f0!3f0!3m2!1i1024!2i768!4f13.1!3m3!1m2!1s0x40c97c31d0abe517%3A0xe8fef0b607d8e36!2sStrada+Mihai+Eminescu+29%2C+Chi%C8%99in%C4%83u%2C+Moldova!5e0!3m2!1sro!2s!4v1476969501911\" width=\"600\" height=\"450\" frameborder=\"0\" style=\"border:0\" allowfullscreen><\/iframe><\/div><\/div><\/div><\/div><\/div><\/div><\/div><div class=\"vc_row wpb_row vc_row-fluid dt-default\" style=\"margin-top: 0px;margin-bottom: 0px\"><div class=\"wpb_column vc_column_container vc_col-sm-12\"><div class=\"vc_column-inner\"><div class=\"wpb_wrapper\"><\/div><\/div><\/div><\/div>","protected":false},"excerpt":{"rendered":"<p>Date Generale Este o subdiviziune a Direc\u0163iei Generale Asisten\u0163\u0103 Social\u0103 a municipiului Chi\u015fin\u0103u. La nivel de sector, asigur\u0103 promovarea \u015fi realizarea politicii de protec\u0163ie social\u0103 a popula\u0163iei. Nr. Func\u021bie Nume, Prenume Nr. telefon 1. \u015eef de Direc\u0163ie Eudochia Parancenco (022) 78-29-12 2. \u015eef , Sec\u021bia presta\u021bii sociale Ruslan Zaharia (022) 22-19-38 3. \u015eef al sec\u0163iei&hellip;<\/p>","protected":false},"author":1,"featured_media":0,"parent":0,"menu_order":0,"comment_status":"closed","ping_status":"closed","template":"","meta":[],"acf":[],"_links":{"self":[{"href":"https:\/\/chisinaucentru.md\/en\/wp-json\/wp\/v2\/pages\/43302"}],"collection":[{"href":"https:\/\/chisinaucentru.md\/en\/wp-json\/wp\/v2\/pages"}],"about":[{"href":"https:\/\/chisinaucentru.md\/en\/wp-json\/wp\/v2\/types\/page"}],"author":[{"embeddable":true,"href":"https:\/\/chisinaucentru.md\/en\/wp-json\/wp\/v2\/users\/1"}],"replies":[{"embeddable":true,"href":"https:\/\/chisinaucentru.md\/en\/wp-json\/wp\/v2\/comments?post=43302"}],"version-history":[{"count":5,"href":"https:\/\/chisinaucentru.md\/en\/wp-json\/wp\/v2\/pages\/43302\/revisions"}],"predecessor-version":[{"id":86765,"href":"https:\/\/chisinaucentru.md\/en\/wp-json\/wp\/v2\/pages\/43302\/revisions\/86765"}],"wp:attachment":[{"href":"https:\/\/chisinaucentru.md\/en\/wp-json\/wp\/v2\/media?parent=43302"}],"curies":[{"name":"wp","href":"https:\/\/api.w.org\/{rel}","templated":true}]}}