{"id":43300,"date":"2016-10-18T08:07:00","date_gmt":"2016-10-18T08:07:00","guid":{"rendered":"http:\/\/chisinaucentru.koz.md\/?page_id=43300"},"modified":"2025-04-01T13:21:19","modified_gmt":"2025-04-01T10:21:19","slug":"directia-educatie-tineret-si-sport","status":"publish","type":"page","link":"https:\/\/chisinaucentru.md\/en\/directia-educatie-tineret-si-sport\/","title":{"rendered":"Direc\u0163ia Educa\u0163ie, Tineret \u015fi Sport"},"content":{"rendered":"<div class=\"vc_row wpb_row vc_row-fluid dt-default\" style=\"margin-top: 0px;margin-bottom: 0px\"><div class=\"wpb_column vc_column_container vc_col-sm-12\"><div class=\"vc_column-inner\"><div class=\"wpb_wrapper\"><div class=\"dt-fancy-separator title-left h3-size accent-title-color accent-border-color\" style=\"width: 100%;\"><div class=\"dt-fancy-title\"><span class=\"separator-holder separator-left\"><\/span>Date Generale<span class=\"separator-holder separator-right\"><\/span><\/div><\/div><div class=\"vc_empty_space\"   style=\"height: 20px\"><span class=\"vc_empty_space_inner\"><\/span><\/div>\n\t<div class=\"wpb_text_column wpb_content_element\" >\n\t\t<div class=\"wpb_wrapper\">\n\t\t\t<p>Este o subdiviziune a Direc\u0163iei Generale Educa\u0163ie, Tineret \u015fi Sport a municipiului Chi\u015fin\u0103u. La nivel de sector, asigur\u0103 promovarea \u015fi realizarea politicii educa\u0163ionale a statului, Legii \u00eenv\u0103\u0163\u0103m\u00e2ntului, hot\u0103r\u00e2rilor Parlamentului \u015fi Guvernului, actelor normative emise de administra\u0163ia municipal\u0103 \u00een domeniul \u00eenv\u0103\u0163\u0103m\u00e2ntului.<\/p>\n<p>Asigur\u0103 implementarea \u015fi realizarea planurilor de \u00eenv\u0103\u0163\u0103m\u00e2nt, curriculum-ului \u015fcolar, metodologiilor didactice \u015fi de alternativ\u0103. Contribuie la perfec\u0163ionarea continu\u0103 a procesului educa\u0163ional.<\/p>\n\n\t\t<\/div>\n\t<\/div>\n<div class=\"vc_row wpb_row vc_inner vc_row-fluid\"><div class=\"wpb_column vc_column_container vc_col-sm-12\"><div class=\"vc_column-inner\"><div class=\"wpb_wrapper\"><\/div><\/div><\/div><\/div><div class=\"vc_row wpb_row vc_inner vc_row-fluid\"><div class=\"wpb_column vc_column_container vc_col-sm-12\"><div class=\"vc_column-inner\"><div class=\"wpb_wrapper\">\n\t<div class=\"wpb_text_column wpb_content_element\" >\n\t\t<div class=\"wpb_wrapper\">\n\t\t\t<p>&nbsp;<\/p>\n<table border=\"0\" width=\"100%\" cellspacing=\"1\" cellpadding=\"2\">\n<tbody>\n<tr>\n<td bgcolor=\"#BFF4FF\" width=\"17\" height=\"38\">\n<div style=\"text-align: left;\" align=\"center\"><strong>Nr.<\/strong><\/div>\n<\/td>\n<td style=\"text-align: center;\" bgcolor=\"#BFF4FF\" width=\"150\">\n<div style=\"text-align: left;\" align=\"center\"><b>Func\u021bie<\/b><\/div>\n<\/td>\n<td style=\"text-align: center;\" bgcolor=\"#BFF4FF\" width=\"155\">\n<div style=\"text-align: left;\" align=\"center\"><strong>Nume, Prenume<\/strong><\/div>\n<\/td>\n<td bgcolor=\"#BFF4FF\" width=\"85\">\n<div style=\"text-align: center;\" align=\"center\"><strong>Nr. telefon<\/strong><\/div>\n<\/td>\n<\/tr>\n<tr>\n<td valign=\"top\" bgcolor=\"#ECFBFF\">1.<\/td>\n<td valign=\"top\" bgcolor=\"#ECFBFF\">\u015eef de Direc\u0163ie<\/td>\n<td valign=\"top\" bgcolor=\"#ECFBFF\">Str\u0103jesco Natalia<\/td>\n<td bgcolor=\"#ECFBFF\">\n<div align=\"center\">(022) 27-17-03<\/div>\n<\/td>\n<\/tr>\n<tr>\n<td valign=\"top\" bgcolor=\"#DDF9FF\">2.<\/td>\n<td valign=\"top\" bgcolor=\"#DDF9FF\">Anticamera<\/td>\n<td valign=\"top\" bgcolor=\"#DDF9FF\"><\/td>\n<td bgcolor=\"#DDF9FF\">\n<div align=\"center\">(022) 27-02-60<\/div>\n<\/td>\n<\/tr>\n<tr>\n<td valign=\"top\" bgcolor=\"#ECFBFF\">3.<\/td>\n<td valign=\"top\" bgcolor=\"#ECFBFF\">Contabil-\u015fef<\/td>\n<td valign=\"top\" bgcolor=\"#ECFBFF\">Bularga Natalia<\/td>\n<td bgcolor=\"#ECFBFF\">\n<div align=\"center\">(022) 27-17-28<\/div>\n<\/td>\n<\/tr>\n<\/tbody>\n<\/table>\n\n\t\t<\/div>\n\t<\/div>\n<\/div><\/div><\/div><\/div><div class=\"vc_row wpb_row vc_inner vc_row-fluid\"><div class=\"wpb_column vc_column_container vc_col-sm-12\"><div class=\"vc_column-inner\"><div class=\"wpb_wrapper\"><div class=\"vc_empty_space\"   style=\"height: 32px\"><span class=\"vc_empty_space_inner\"><\/span><\/div><div class=\"dt-fancy-separator title-left h3-size accent-title-color accent-border-color\" style=\"width: 100%;\"><div class=\"dt-fancy-title\"><span class=\"separator-holder separator-left\"><\/span>Institu\u021bii de \u00eenv\u0103\u021b\u0103m\u00eent<span class=\"separator-holder separator-right\"><\/span><\/div><\/div><\/div><\/div><\/div><\/div><div class=\"vc_empty_space\"   style=\"height: 20px\"><span class=\"vc_empty_space_inner\"><\/span><\/div><div class=\"vc_tta-container\" data-vc-action=\"collapse\"><div class=\"vc_general vc_tta vc_tta-tabs vc_tta-color-blue vc_tta-style-classic vc_tta-shape-rounded vc_tta-spacing-2 vc_tta-gap-2 vc_tta-tabs-position-top vc_tta-controls-align-center\"><div class=\"vc_tta-tabs-container\"><ul class=\"vc_tta-tabs-list\"><li class=\"vc_tta-tab vc_active\" data-vc-tab><a href=\"#1476787941067-4cb47d00-f364\" data-vc-tabs data-vc-container=\".vc_tta\"><span class=\"vc_tta-title-text\">Lista institu\u0163iilor pre\u015fcolare din sectorul Centru<\/span><\/a><\/li><li class=\"vc_tta-tab\" data-vc-tab><a href=\"#1476787941270-945f7146-c269\" data-vc-tabs data-vc-container=\".vc_tta\"><span class=\"vc_tta-title-text\">Lista institu\u0163iilor preuniversitare din sectorul Centru<\/span><\/a><\/li><\/ul><\/div><div class=\"vc_tta-panels-container\"><div class=\"vc_tta-panels\"><div class=\"vc_tta-panel vc_active\" id=\"1476787941067-4cb47d00-f364\" data-vc-content=\".vc_tta-panel-body\"><div class=\"vc_tta-panel-heading\"><h4 class=\"vc_tta-panel-title\"><a href=\"#1476787941067-4cb47d00-f364\" data-vc-accordion data-vc-container=\".vc_tta-container\"><span class=\"vc_tta-title-text\">Lista institu\u0163iilor pre\u015fcolare din sectorul Centru<\/span><\/a><\/h4><\/div><div class=\"vc_tta-panel-body\"><div class=\"vc_row wpb_row vc_inner vc_row-fluid\"><div class=\"wpb_column vc_column_container vc_col-sm-12\"><div class=\"vc_column-inner\"><div class=\"wpb_wrapper\">\n\t<div class=\"wpb_text_column wpb_content_element\" >\n\t\t<div class=\"wpb_wrapper\">\n\t\t\t<table border=\"0\" width=\"100%\" cellspacing=\"1\" cellpadding=\"2\">\n<tbody>\n<tr>\n<td bgcolor=\"#BFF4FF\" width=\"17\" height=\"38\">\n<div align=\"center\"><strong>Nr.<\/strong><\/div>\n<\/td>\n<td bgcolor=\"#BFF4FF\" width=\"125\">\n<div style=\"text-align: left;\" align=\"center\"><strong>Denumirea institu\u0163iei<\/strong><\/div>\n<\/td>\n<td bgcolor=\"#BFF4FF\" width=\"202\">\n<div style=\"text-align: left;\" align=\"center\"><strong>Adresa<\/strong><\/div>\n<\/td>\n<td bgcolor=\"#BFF4FF\" width=\"85\">\n<div align=\"center\"><strong>Nr. telefon<\/strong><\/div>\n<\/td>\n<\/tr>\n<tr>\n<td valign=\"top\" bgcolor=\"#ECFBFF\">1.<\/td>\n<td valign=\"top\" bgcolor=\"#ECFBFF\">Gr\u0103dini\u0163a nr.6<\/td>\n<td valign=\"top\" bgcolor=\"#ECFBFF\">str. Lech Kaczynski, 8<\/td>\n<td bgcolor=\"#ECFBFF\">\n<div align=\"center\">723414<\/div>\n<\/td>\n<\/tr>\n<tr>\n<td valign=\"top\" bgcolor=\"#DDF9FF\">2.<\/td>\n<td valign=\"top\" bgcolor=\"#DDF9FF\">\u015ecoala-gr\u0103dini\u0163\u0103 nr.7<\/td>\n<td valign=\"top\" bgcolor=\"#DDF9FF\">str. Ip.Soroceanu, 40<\/td>\n<td bgcolor=\"#DDF9FF\">\n<div align=\"center\">727870<\/div>\n<\/td>\n<\/tr>\n<tr>\n<td valign=\"top\" bgcolor=\"#ECFBFF\">3.<\/td>\n<td valign=\"top\" bgcolor=\"#ECFBFF\">Gr\u0103dini\u0163a nr.8<\/td>\n<td valign=\"top\" bgcolor=\"#ECFBFF\">str. Gh.Asachi, 64\/2<\/td>\n<td bgcolor=\"#ECFBFF\">\n<div align=\"center\">738005<\/div>\n<\/td>\n<\/tr>\n<tr>\n<td valign=\"top\" bgcolor=\"#DDF9FF\">4.<\/td>\n<td valign=\"top\" bgcolor=\"#DDF9FF\">Gr\u0103dini\u0163a nr.12<\/td>\n<td valign=\"top\" bgcolor=\"#DDF9FF\">str. Mihai Eminescu, 62<\/td>\n<td bgcolor=\"#DDF9FF\">\n<div align=\"center\">224168<\/div>\n<\/td>\n<\/tr>\n<tr>\n<td valign=\"top\" bgcolor=\"#ECFBFF\">5.<\/td>\n<td valign=\"top\" bgcolor=\"#ECFBFF\">Gr\u0103dini\u0163a nr.15<\/td>\n<td valign=\"top\" bgcolor=\"#ECFBFF\">str. Gh.Asachi, 13 A<\/td>\n<td bgcolor=\"#ECFBFF\">\n<div align=\"center\">728036<\/div>\n<\/td>\n<\/tr>\n<tr>\n<td valign=\"top\" bgcolor=\"#DDF9FF\">6.<\/td>\n<td valign=\"top\" bgcolor=\"#DDF9FF\">Gr\u0103dini\u0163a nr.23<\/td>\n<td valign=\"top\" bgcolor=\"#DDF9FF\">bd. \u015etefan cel Mare \u015fi Sf\u00e2nt, 71<\/td>\n<td bgcolor=\"#DDF9FF\">\n<div align=\"center\">271250<\/div>\n<\/td>\n<\/tr>\n<tr>\n<td valign=\"top\" bgcolor=\"#ECFBFF\">7.<\/td>\n<td valign=\"top\" bgcolor=\"#ECFBFF\">Gr\u0103dini\u0163a nr.46<\/td>\n<td valign=\"top\" bgcolor=\"#ECFBFF\">str. A. Bernardazzi, 70<\/td>\n<td bgcolor=\"#ECFBFF\">\n<div align=\"center\">245050<\/div>\n<\/td>\n<\/tr>\n<tr>\n<td valign=\"top\" bgcolor=\"#DDF9FF\">8.<\/td>\n<td valign=\"top\" bgcolor=\"#DDF9FF\">Gr\u0103dini\u0163a nr.53<\/td>\n<td valign=\"top\" bgcolor=\"#DDF9FF\">\u015fos. H\u00e2nce\u015fti, 24<\/td>\n<td bgcolor=\"#DDF9FF\">\n<div align=\"center\">725683<\/div>\n<\/td>\n<\/tr>\n<tr>\n<td valign=\"top\" bgcolor=\"#ECFBFF\">9.<\/td>\n<td valign=\"top\" bgcolor=\"#ECFBFF\">Gr\u0103dini\u0163a nr.55<\/td>\n<td valign=\"top\" bgcolor=\"#ECFBFF\">str. M\u0103lina Mic\u0103, 62<\/td>\n<td bgcolor=\"#ECFBFF\">\n<div align=\"center\">727922<\/div>\n<\/td>\n<\/tr>\n<tr>\n<td valign=\"top\" bgcolor=\"#DDF9FF\">10.<\/td>\n<td valign=\"top\" bgcolor=\"#DDF9FF\">Gr\u0103dini\u0163a nr.59<\/td>\n<td valign=\"top\" bgcolor=\"#DDF9FF\">Drumul Viilor, 42\/4<\/td>\n<td bgcolor=\"#DDF9FF\">\n<div align=\"center\">735441<\/div>\n<\/td>\n<\/tr>\n<tr>\n<td valign=\"top\" bgcolor=\"#ECFBFF\">11.<\/td>\n<td valign=\"top\" bgcolor=\"#ECFBFF\">Gr\u0103dini\u0163a nr.60<\/td>\n<td valign=\"top\" bgcolor=\"#ECFBFF\">str. Tiraspol, 4\/1<\/td>\n<td bgcolor=\"#ECFBFF\">\n<div align=\"center\">271560<\/div>\n<\/td>\n<\/tr>\n<tr>\n<td valign=\"top\" bgcolor=\"#DDF9FF\">12.<\/td>\n<td valign=\"top\" bgcolor=\"#DDF9FF\">Gr\u0103dini\u0163a nr.78<\/td>\n<td valign=\"top\" bgcolor=\"#DDF9FF\">str. Gh.Asachi, 35<\/td>\n<td bgcolor=\"#DDF9FF\">\n<div align=\"center\">727860<\/div>\n<\/td>\n<\/tr>\n<tr>\n<td valign=\"top\" bgcolor=\"#ECFBFF\">13.<\/td>\n<td valign=\"top\" bgcolor=\"#ECFBFF\">Gr\u0103dini\u0163a nr.92<\/td>\n<td valign=\"top\" bgcolor=\"#ECFBFF\">str. Melestiu,18A<\/td>\n<td bgcolor=\"#ECFBFF\">\n<div align=\"center\">270612<\/div>\n<\/td>\n<\/tr>\n<tr>\n<td valign=\"top\" bgcolor=\"#DDF9FF\">14.<\/td>\n<td valign=\"top\" bgcolor=\"#DDF9FF\">Gr\u0103dini\u0163a nr.125<\/td>\n<td valign=\"top\" bgcolor=\"#DDF9FF\">str. Ialoveni, 98\/1<\/td>\n<td bgcolor=\"#DDF9FF\">\n<div align=\"center\">284628<\/div>\n<\/td>\n<\/tr>\n<tr>\n<td valign=\"top\" bgcolor=\"#ECFBFF\">15.<\/td>\n<td valign=\"top\" bgcolor=\"#ECFBFF\">Gr\u0103dini\u0163a nr.133<\/td>\n<td valign=\"top\" bgcolor=\"#ECFBFF\">str. Universit\u0103\u0163ii, 1A<\/td>\n<td bgcolor=\"#ECFBFF\">\n<div align=\"center\">221139<\/div>\n<\/td>\n<\/tr>\n<tr>\n<td valign=\"top\" bgcolor=\"#DDF9FF\">16.<\/td>\n<td valign=\"top\" bgcolor=\"#DDF9FF\">Gr\u0103dini\u0163a nr.156<\/td>\n<td valign=\"top\" bgcolor=\"#DDF9FF\">str. Grenoble, 161\/6<\/td>\n<td bgcolor=\"#DDF9FF\">\n<div align=\"center\">793465<\/div>\n<\/td>\n<\/tr>\n<tr>\n<td valign=\"top\" bgcolor=\"#ECFBFF\">17.<\/td>\n<td valign=\"top\" bgcolor=\"#ECFBFF\">Gr\u0103dini\u0163a nr.167<\/td>\n<td valign=\"top\" bgcolor=\"#ECFBFF\">str. Ip.Soroceanu, 42<\/td>\n<td bgcolor=\"#ECFBFF\">\n<div align=\"center\">727896<\/div>\n<\/td>\n<\/tr>\n<tr>\n<td valign=\"top\" bgcolor=\"#ECFBFF\">18.<\/td>\n<td valign=\"top\" bgcolor=\"#ECFBFF\">Gr\u0103dini\u0163a nr. 174<\/td>\n<td valign=\"top\" bgcolor=\"#ECFBFF\">str. Vl. Korolenko, 59-A<\/td>\n<td style=\"text-align: center;\" bgcolor=\"#ECFBFF\">728803<\/td>\n<\/tr>\n<tr>\n<td valign=\"top\" bgcolor=\"#DDF9FF\">19.<\/td>\n<td valign=\"top\" bgcolor=\"#DDF9FF\">Gr\u0103dini\u0163a nr.175<\/td>\n<td valign=\"top\" bgcolor=\"#DDF9FF\">str. Grenoble, 153\/1<\/td>\n<td bgcolor=\"#DDF9FF\">\n<div align=\"center\">727755<\/div>\n<\/td>\n<\/tr>\n<tr>\n<td valign=\"top\" bgcolor=\"#DDF9FF\">20.<\/td>\n<td valign=\"top\" bgcolor=\"#DDF9FF\">Gr\u0103dini\u0163a nr.194<\/td>\n<td valign=\"top\" bgcolor=\"#DDF9FF\">str. Jubileului, 40, or. Codru<\/td>\n<td bgcolor=\"#DDF9FF\">\n<div align=\"center\">793957<\/div>\n<\/td>\n<\/tr>\n<tr>\n<td valign=\"top\" bgcolor=\"#ECFBFF\">21.<\/td>\n<td valign=\"top\" bgcolor=\"#ECFBFF\">Gr\u0103dini\u0163a nr.210<\/td>\n<td valign=\"top\" bgcolor=\"#ECFBFF\">str. Columna, 28<\/td>\n<td bgcolor=\"#ECFBFF\">\n<div align=\"center\">270074<\/div>\n<\/td>\n<\/tr>\n<tr>\n<td valign=\"top\" bgcolor=\"#DDF9FF\">22.<\/td>\n<td valign=\"top\" bgcolor=\"#DDF9FF\">Gr\u0103dini\u0163a nr.226<\/td>\n<td valign=\"top\" bgcolor=\"#DDF9FF\">Drumul Viilor, 38\/2<\/td>\n<td bgcolor=\"#DDF9FF\">\n<div align=\"center\">727760<\/div>\n<\/td>\n<\/tr>\n<tr>\n<td valign=\"top\" bgcolor=\"#ECFBFF\">23.<\/td>\n<td valign=\"top\" bgcolor=\"#ECFBFF\">Gr\u0103dini\u0163a nr.227<\/td>\n<td valign=\"top\" bgcolor=\"#ECFBFF\">str. V.Dokuceaev, 3\/1<\/td>\n<td bgcolor=\"#ECFBFF\">\n<div align=\"center\">729566<\/div>\n<\/td>\n<\/tr>\n<\/tbody>\n<\/table>\n<p><a id=\"3\" name=\"3\"><\/a><\/p>\n\n\t\t<\/div>\n\t<\/div>\n<\/div><\/div><\/div><\/div><div class=\"vc_empty_space\"   style=\"height: 5px\"><span class=\"vc_empty_space_inner\"><\/span><\/div><\/div><\/div><div class=\"vc_tta-panel\" id=\"1476787941270-945f7146-c269\" data-vc-content=\".vc_tta-panel-body\"><div class=\"vc_tta-panel-heading\"><h4 class=\"vc_tta-panel-title\"><a href=\"#1476787941270-945f7146-c269\" data-vc-accordion data-vc-container=\".vc_tta-container\"><span class=\"vc_tta-title-text\">Lista institu\u0163iilor preuniversitare din sectorul Centru<\/span><\/a><\/h4><\/div><div class=\"vc_tta-panel-body\">\n\t<div class=\"wpb_text_column wpb_content_element\" >\n\t\t<div class=\"wpb_wrapper\">\n\t\t\t<table border=\"0\" width=\"100%\" cellspacing=\"1\" cellpadding=\"2\">\n<tbody>\n<tr>\n<td bgcolor=\"#BFF4FF\" width=\"17\">\n<div><strong>Nr.<\/strong><\/div>\n<\/td>\n<td bgcolor=\"#BFF4FF\" width=\"128\" height=\"38\">\n<div><strong>Denumirea institu\u0163iei<\/strong><\/div>\n<\/td>\n<td bgcolor=\"#BFF4FF\" width=\"204\">\n<div><strong>Adresa<\/strong><\/div>\n<\/td>\n<td bgcolor=\"#BFF4FF\" width=\"80\">\n<div style=\"text-align: center;\"><strong>Nr. telefon<\/strong><\/div>\n<\/td>\n<\/tr>\n<tr>\n<td valign=\"top\" bgcolor=\"#ECFBFF\">1.<\/td>\n<td valign=\"top\" bgcolor=\"#ECFBFF\">Liceul \u201dSibirschi C.\u201d<\/td>\n<td valign=\"top\" bgcolor=\"#ECFBFF\">str. Spr\u00e2ncenoaia , 8<\/td>\n<td bgcolor=\"#ECFBFF\">\n<div style=\"text-align: center;\">729038<\/div>\n<\/td>\n<\/tr>\n<tr>\n<td valign=\"top\" bgcolor=\"#DDF9FF\">2.<\/td>\n<td valign=\"top\" bgcolor=\"#DDF9FF\">Liceul \u201cMinerva\u201d<\/td>\n<td valign=\"top\" bgcolor=\"#DDF9FF\">str. 31 August 1989, 50<\/td>\n<td bgcolor=\"#DDF9FF\">\n<div style=\"text-align: center;\">272568<\/div>\n<\/td>\n<\/tr>\n<tr>\n<td valign=\"top\" bgcolor=\"#ECFBFF\">3.<\/td>\n<td valign=\"top\" bgcolor=\"#ECFBFF\">Liceul \u201dMihai Viteazul\u201d<\/td>\n<td valign=\"top\" bgcolor=\"#ECFBFF\">str. Mitropolit\u00a0 Gurie Grosu, 4a<\/td>\n<td bgcolor=\"#ECFBFF\">\n<div style=\"text-align: center;\">733996<\/div>\n<\/td>\n<\/tr>\n<tr>\n<td valign=\"top\" bgcolor=\"#DDF9FF\">4.<\/td>\n<td valign=\"top\" bgcolor=\"#DDF9FF\">Liceul \u201dTitu Maiorescu\u201d<\/td>\n<td valign=\"top\" bgcolor=\"#DDF9FF\">\u015fos. H\u00e2nce\u015fti, 13<\/td>\n<td bgcolor=\"#DDF9FF\">\n<div style=\"text-align: center;\">725854<\/div>\n<\/td>\n<\/tr>\n<tr>\n<td valign=\"top\" bgcolor=\"#ECFBFF\">5.<\/td>\n<td valign=\"top\" bgcolor=\"#ECFBFF\">Liceul \u201dVasile Lupu\u201d<\/td>\n<td valign=\"top\" bgcolor=\"#ECFBFF\">str. P.Ungureanu, 17<\/td>\n<td bgcolor=\"#ECFBFF\">\n<div style=\"text-align: center;\">765522<\/div>\n<\/td>\n<\/tr>\n<tr>\n<td valign=\"top\" bgcolor=\"#DDF9FF\">6.<\/td>\n<td valign=\"top\" bgcolor=\"#DDF9FF\">Liceul cu profil tehnologic<br \/>\npentru copii cu vederea slab\u0103<\/td>\n<td valign=\"top\" bgcolor=\"#DDF9FF\">str. Vlaicu P\u00eerc\u0103lab,32-34<\/td>\n<td bgcolor=\"#DDF9FF\">\n<div style=\"text-align: center;\">225014<\/div>\n<\/td>\n<\/tr>\n<tr>\n<td valign=\"top\" bgcolor=\"#ECFBFF\">7.<\/td>\n<td valign=\"top\" bgcolor=\"#ECFBFF\">Gimnaziul nr.42<\/td>\n<td valign=\"top\" bgcolor=\"#ECFBFF\">str. Schinoasa Deal, 7, or. Codru<\/td>\n<td bgcolor=\"#ECFBFF\">\n<div style=\"text-align: center;\">282518<\/div>\n<\/td>\n<\/tr>\n<tr>\n<td valign=\"top\" bgcolor=\"#DDF9FF\">8.<\/td>\n<td valign=\"top\" bgcolor=\"#DDF9FF\">Gimnaziul\u00a0 nr.53<\/td>\n<td valign=\"top\" bgcolor=\"#DDF9FF\">str. V.Cheltuial\u0103, 42<\/td>\n<td bgcolor=\"#DDF9FF\">\n<div style=\"text-align: center;\">727005<\/div>\n<\/td>\n<\/tr>\n<tr>\n<td valign=\"top\" bgcolor=\"#DDF9FF\">9.<\/td>\n<td valign=\"top\" bgcolor=\"#DDF9FF\">Gimnaziu-internat nr.3<\/td>\n<td valign=\"top\" bgcolor=\"#DDF9FF\">str.Gheorghe Ca\u015fu, 10<\/td>\n<td bgcolor=\"#DDF9FF\">\n<div style=\"text-align: center;\">727018<\/div>\n<\/td>\n<\/tr>\n<tr>\n<td valign=\"top\" bgcolor=\"#ECFBFF\">10.<\/td>\n<td valign=\"top\" bgcolor=\"#ECFBFF\">Gimnaziul nr.7<\/td>\n<td valign=\"top\" bgcolor=\"#ECFBFF\">str. Mile\u015fti, 34<\/td>\n<td bgcolor=\"#ECFBFF\">\n<div style=\"text-align: center;\">272695<\/div>\n<\/td>\n<\/tr>\n<tr>\n<td valign=\"top\" bgcolor=\"#DDF9FF\">11.<\/td>\n<td valign=\"top\" bgcolor=\"#DDF9FF\">Liceul teoretic \u201dUniversul\u201d<\/td>\n<td valign=\"top\" bgcolor=\"#DDF9FF\">\u015fos. H\u00e2nce\u015fti, 136<\/td>\n<td bgcolor=\"#DDF9FF\">\n<div style=\"text-align: center;\">272703<\/div>\n<\/td>\n<\/tr>\n<tr>\n<td valign=\"top\" bgcolor=\"#ECFBFF\">12.<\/td>\n<td valign=\"top\" bgcolor=\"#ECFBFF\">\u015ecoala primar\u0103 nr.32<\/td>\n<td valign=\"top\" bgcolor=\"#ECFBFF\">str. Hrusca, 2 A<\/td>\n<td bgcolor=\"#ECFBFF\"><\/td>\n<\/tr>\n<tr>\n<td valign=\"top\" bgcolor=\"#DDF9FF\">13.<\/td>\n<td valign=\"top\" bgcolor=\"#DDF9FF\">Liceul teoretic \u201dNicolae Sulac\u201d<\/td>\n<td valign=\"top\" bgcolor=\"#DDF9FF\">str. Grenoble, 108<\/td>\n<td bgcolor=\"#DDF9FF\">\n<div style=\"text-align: center;\">729325<\/div>\n<\/td>\n<\/tr>\n<tr>\n<td valign=\"top\" bgcolor=\"#ECFBFF\">14.<\/td>\n<td valign=\"top\" bgcolor=\"#ECFBFF\">Gimnaziul nr.41<\/td>\n<td valign=\"top\" bgcolor=\"#ECFBFF\">str. George Meniuc, 22<\/td>\n<td bgcolor=\"#ECFBFF\">\n<div style=\"text-align: center;\">725197<\/div>\n<\/td>\n<\/tr>\n<tr>\n<td valign=\"top\" bgcolor=\"#DDF9FF\">15.<\/td>\n<td valign=\"top\" bgcolor=\"#DDF9FF\">Liceul teoretic seral nr.1<\/td>\n<td valign=\"top\" bgcolor=\"#DDF9FF\">str. Vl.Korolenko, 1<\/td>\n<td bgcolor=\"#DDF9FF\">\n<div style=\"text-align: center;\">735200<\/div>\n<\/td>\n<\/tr>\n<tr>\n<td valign=\"top\" bgcolor=\"#ECFBFF\">16.<\/td>\n<td valign=\"top\" bgcolor=\"#ECFBFF\">\u015ecoala auxiliar\u0103 internat nr.5<\/td>\n<td valign=\"top\" bgcolor=\"#ECFBFF\">str. M.Lomonosov, 42<\/td>\n<td bgcolor=\"#ECFBFF\">\n<div style=\"text-align: center;\">728611<\/div>\n<\/td>\n<\/tr>\n<tr>\n<td valign=\"top\" bgcolor=\"#DDF9FF\">17.<\/td>\n<td valign=\"top\" bgcolor=\"#DDF9FF\">\u015ecoala\u00a0 auxiliar\u0103 nr.7<\/td>\n<td valign=\"top\" bgcolor=\"#DDF9FF\">str. A. Mateevici,15<\/td>\n<td bgcolor=\"#DDF9FF\">\n<div style=\"text-align: center;\">735690<\/div>\n<\/td>\n<\/tr>\n<tr>\n<td valign=\"top\" bgcolor=\"#ECFBFF\">18.<\/td>\n<td valign=\"top\" bgcolor=\"#ECFBFF\">\u015ecoala special\u0103 nr.88<\/td>\n<td valign=\"top\" bgcolor=\"#ECFBFF\">str.Costiujeni,3<\/td>\n<td bgcolor=\"#ECFBFF\">\n<div style=\"text-align: center;\">289003<\/div>\n<\/td>\n<\/tr>\n<tr>\n<td valign=\"top\" bgcolor=\"#DDF9FF\">19.<\/td>\n<td valign=\"top\" bgcolor=\"#DDF9FF\">\u015ecoala special\u0103 nr.81<\/td>\n<td valign=\"top\" bgcolor=\"#DDF9FF\">str. Costiujeni, 3<\/td>\n<td bgcolor=\"#DDF9FF\">\n<div style=\"text-align: center;\">795161<\/div>\n<\/td>\n<\/tr>\n<\/tbody>\n<\/table>\n\n\t\t<\/div>\n\t<\/div>\n<div class=\"vc_row wpb_row vc_inner vc_row-fluid\"><div class=\"wpb_column vc_column_container vc_col-sm-12\"><div class=\"vc_column-inner\"><div class=\"wpb_wrapper\"><\/div><\/div><\/div><\/div><\/div><\/div><\/div><\/div><\/div><\/div><div class=\"vc_row wpb_row vc_inner vc_row-fluid\"><div class=\"wpb_column vc_column_container vc_col-sm-12\"><div class=\"vc_column-inner\"><div class=\"wpb_wrapper\"><div class=\"vc_empty_space\"   style=\"height: 20px\"><span class=\"vc_empty_space_inner\"><\/span><\/div><\/div><\/div><\/div><\/div><div class=\"dt-fancy-separator h3-size accent-title-color accent-border-color\" style=\"width: 100%;\"><div class=\"dt-fancy-title\"><span class=\"separator-holder separator-left\"><\/span>Contacte<span class=\"separator-holder separator-right\"><\/span><\/div><\/div><div class=\"vc_empty_space\"   style=\"height: 20px\"><span class=\"vc_empty_space_inner\"><\/span><\/div><div class=\"vc_row wpb_row vc_inner vc_row-fluid\"><div class=\"wpb_column vc_column_container vc_col-sm-4\"><div class=\"vc_column-inner\"><div class=\"wpb_wrapper\"><div class=\"vc_message_box vc_message_box-standard vc_message_box-rounded vc_color-info\" ><div class=\"vc_message_box-icon\"><i class=\"fa fa-location-arrow\"><\/i><\/div><p style=\"text-align: center;\">Str.Bulgar\u0103 41, or. Chi\u0219in\u0103u<\/p>\n<\/div><\/div><\/div><\/div><div class=\"wpb_column vc_column_container vc_col-sm-4\"><div class=\"vc_column-inner\"><div class=\"wpb_wrapper\"><div class=\"vc_message_box vc_message_box-standard vc_message_box-rounded vc_color-info\" ><div class=\"vc_message_box-icon\"><i class=\"fa fa-phone\"><\/i><\/div><p style=\"text-align: center;\">Telefon:\u00a0(022) 27\u00a002 60<\/p>\n<\/div><\/div><\/div><\/div><div class=\"wpb_column vc_column_container vc_col-sm-4\"><div class=\"vc_column-inner\"><div class=\"wpb_wrapper\"><div class=\"vc_message_box vc_message_box-standard vc_message_box-rounded vc_color-info\" ><div class=\"vc_message_box-icon\"><i class=\"fa fa-fax\"><\/i><\/div><p style=\"text-align: center;\">Fax: (022) 27\u00a002\u00a060<\/p>\n<\/div><\/div><\/div><\/div><\/div><div class=\"vc_row wpb_row vc_inner vc_row-fluid\"><div class=\"wpb_column vc_column_container vc_col-sm-6\"><div class=\"vc_column-inner\"><div class=\"wpb_wrapper\"><div class=\"vc_message_box vc_message_box-standard vc_message_box-rounded vc_color-info\" ><div class=\"vc_message_box-icon\"><i class=\"fa fa-envelope-o\"><\/i><\/div><p style=\"text-align: center;\">Email:\u00a0dets_centru<a href=\"mailto:dgetsmun@gmail.com\">@mail<\/a>.ru<\/p>\n<\/div><\/div><\/div><\/div><div class=\"wpb_column vc_column_container vc_col-sm-6\"><div class=\"vc_column-inner\"><div class=\"wpb_wrapper\"><div class=\"vc_message_box vc_message_box-standard vc_message_box-rounded vc_color-info\" ><div class=\"vc_message_box-icon\"><i class=\"fa fa-internet-explorer\"><\/i><\/div><p style=\"text-align: center;\"><a href=\"http:\/\/www.chisinauedu.md\/\">http:\/\/www.chisinauedu.md\/<\/a><\/p>\n<\/div><\/div><\/div><\/div><\/div><div class=\"wpb_gmaps_widget wpb_content_element\"><div class=\"wpb_wrapper\"><div class=\"wpb_map_wraper\"><iframe src=\"https:\/\/www.google.com\/maps\/embed?pb=!1m14!1m8!1m3!1d10877.713780367509!2d28.8254417!3d47.031823!3m2!1i1024!2i768!4f13.1!3m3!1m2!1s0x0%3A0xc21de5be8f2a9e8c!2zRGlyZWPIm2lhIEdlbmVyYWzEgyBFZHVjYcibaWUsIFRpbmVyZXQgyJlpIFNwb3J0!5e0!3m2!1sru!2s!4v1476785731657\" width=\"600\" height=\"450\" frameborder=\"0\" style=\"border:0\" allowfullscreen><\/iframe><\/div><\/div><\/div><\/div><\/div><\/div><\/div>","protected":false},"excerpt":{"rendered":"<p>Date Generale Este o subdiviziune a Direc\u0163iei Generale Educa\u0163ie, Tineret \u015fi Sport a municipiului Chi\u015fin\u0103u. La nivel de sector, asigur\u0103 promovarea \u015fi realizarea politicii educa\u0163ionale a statului, Legii \u00eenv\u0103\u0163\u0103m\u00e2ntului, hot\u0103r\u00e2rilor Parlamentului \u015fi Guvernului, actelor normative emise de administra\u0163ia municipal\u0103 \u00een domeniul \u00eenv\u0103\u0163\u0103m\u00e2ntului. Asigur\u0103 implementarea \u015fi realizarea planurilor de \u00eenv\u0103\u0163\u0103m\u00e2nt, curriculum-ului \u015fcolar, metodologiilor didactice \u015fi de&hellip;<\/p>","protected":false},"author":1,"featured_media":0,"parent":0,"menu_order":0,"comment_status":"closed","ping_status":"closed","template":"","meta":[],"acf":[],"_links":{"self":[{"href":"https:\/\/chisinaucentru.md\/en\/wp-json\/wp\/v2\/pages\/43300"}],"collection":[{"href":"https:\/\/chisinaucentru.md\/en\/wp-json\/wp\/v2\/pages"}],"about":[{"href":"https:\/\/chisinaucentru.md\/en\/wp-json\/wp\/v2\/types\/page"}],"author":[{"embeddable":true,"href":"https:\/\/chisinaucentru.md\/en\/wp-json\/wp\/v2\/users\/1"}],"replies":[{"embeddable":true,"href":"https:\/\/chisinaucentru.md\/en\/wp-json\/wp\/v2\/comments?post=43300"}],"version-history":[{"count":4,"href":"https:\/\/chisinaucentru.md\/en\/wp-json\/wp\/v2\/pages\/43300\/revisions"}],"predecessor-version":[{"id":89110,"href":"https:\/\/chisinaucentru.md\/en\/wp-json\/wp\/v2\/pages\/43300\/revisions\/89110"}],"wp:attachment":[{"href":"https:\/\/chisinaucentru.md\/en\/wp-json\/wp\/v2\/media?parent=43300"}],"curies":[{"name":"wp","href":"https:\/\/api.w.org\/{rel}","templated":true}]}}