{"id":43228,"date":"2016-10-17T11:56:08","date_gmt":"2016-10-17T11:56:08","guid":{"rendered":"http:\/\/chisinaucentru.koz.md\/?page_id=43228"},"modified":"2025-03-06T23:32:14","modified_gmt":"2025-03-06T21:32:14","slug":"hincu-vadim","status":"publish","type":"page","link":"https:\/\/chisinaucentru.md\/en\/hincu-vadim\/","title":{"rendered":"H\u00ceNCU VADIM"},"content":{"rendered":"<div class=\"vc_row wpb_row vc_row-fluid dt-default\" style=\"margin-top: 0px;margin-bottom: 0px\"><div class=\"wpb_column vc_column_container vc_col-sm-12\"><div class=\"vc_column-inner\"><div class=\"wpb_wrapper\">\n\t<div class=\"wpb_text_column wpb_content_element  with_blue_line\" id=\"page_title_manual\">\n\t\t<div class=\"wpb_wrapper\">\n\t\t\t<h1>Scrie pretorului<\/h1>\n\n\t\t<\/div>\n\t<\/div>\n<\/div><\/div><\/div><\/div><div class=\"vc_row wpb_row vc_row-fluid dt-default\" style=\"margin-top: 0px;margin-bottom: 0px\"><div class=\"wpb_column vc_column_container vc_col-sm-12\"><div class=\"vc_column-inner\"><div class=\"wpb_wrapper\"><div class=\"vc_row wpb_row vc_inner vc_row-fluid vc_custom_1646931356949\"><div class=\"wpb_column vc_column_container vc_col-sm-6\"><div class=\"vc_column-inner\"><div class=\"wpb_wrapper\">\n\t<div  class=\"wpb_single_image wpb_content_element vc_align_center\">\n\t\t\n\t\t<figure class=\"wpb_wrapper vc_figure\">\n\t\t\t<a href=\"https:\/\/chisinaucentru.md\/wp-content\/uploads\/2025\/03\/374681305_854276179594751_8117748052167095739_n.jpg\" target=\"_self\"  class=\"vc_single_image-wrapper   vc_box_border_grey dt-pswp-item rollover rollover-zoom\" data-large_image_width=\"960\" data-large_image_height = \"958\"     ><img width=\"960\" height=\"958\" src=\"https:\/\/chisinaucentru.md\/wp-content\/uploads\/2025\/03\/374681305_854276179594751_8117748052167095739_n.jpg\" class=\"vc_single_image-img attachment-full\" alt=\"\" loading=\"lazy\" title=\"374681305_854276179594751_8117748052167095739_n\" srcset=\"https:\/\/chisinaucentru.md\/wp-content\/uploads\/2025\/03\/374681305_854276179594751_8117748052167095739_n.jpg 960w, https:\/\/chisinaucentru.md\/wp-content\/uploads\/2025\/03\/374681305_854276179594751_8117748052167095739_n-300x300.jpg 300w, https:\/\/chisinaucentru.md\/wp-content\/uploads\/2025\/03\/374681305_854276179594751_8117748052167095739_n-150x150.jpg 150w, https:\/\/chisinaucentru.md\/wp-content\/uploads\/2025\/03\/374681305_854276179594751_8117748052167095739_n-768x766.jpg 768w, https:\/\/chisinaucentru.md\/wp-content\/uploads\/2025\/03\/374681305_854276179594751_8117748052167095739_n-12x12.jpg 12w\" sizes=\"(max-width: 960px) 100vw, 960px\"  data-dt-location=\"https:\/\/chisinaucentru.md\/en\/hincu-vadim\/374681305_854276179594751_8117748052167095739_n\/\" \/><\/a>\n\t\t<\/figure>\n\t<\/div>\n<\/div><\/div><\/div><div class=\"wpb_column vc_column_container vc_col-sm-6\"><div class=\"vc_column-inner\"><div class=\"wpb_wrapper\">\n\t<div class=\"wpb_text_column wpb_content_element  despre_pretor\" >\n\t\t<div class=\"wpb_wrapper\">\n\t\t\t<h3>Biografie<\/h3>\n<p><strong>Nume:<\/strong> H\u00ceNCU<br \/>\n<strong>Prenume:<\/strong> VADIM<br \/>\n<strong>Data na\u015fterii<\/strong>: 16.01.1989<br \/>\n<strong>Locul na\u015fterii:<\/strong> or. Chi\u0219in\u0103u<br \/>\n<strong>Educa\u021bie \u015fi formare:<\/strong><\/p>\n<p>1995-2004 &#8211; Liceul de Creativitate \u0219i Inventic\u0103 &#8222;Prometeu&#8221; mun. Chi\u0219in\u0103u;<\/p>\n<p>2004-2008 &#8211; Colegiul Financiar Bancar &#8222;A. Diordi\u021b\u0103&#8221;, mun. Chi\u0219in\u0103u, specialitatea Finan\u021be Publice;<\/p>\n<p>2008-2011 &#8211; Academia de Studii Economice, Licen\u021b\u0103, Business \u0219i Administrarea Afacerilor;<\/p>\n<p>2011-2013 &#8211; Academia de Studii Economice, Masterat, Administrarea Afacerilor;<\/p>\n<p>2011-2013 &#8211; Universitatea Liber\u0103 Interna\u021bional\u0103 din Moldova, Masterat, Drept.<\/p>\n\n\t\t<\/div>\n\t<\/div>\n<\/div><\/div><\/div><\/div><div class=\"vc_empty_space\"   style=\"height: 7px\"><span class=\"vc_empty_space_inner\"><\/span><\/div><\/div><\/div><\/div><\/div><div class=\"vc_row wpb_row vc_row-fluid dt-default\" style=\"margin-top: 0px;margin-bottom: 0px\"><div class=\"wpb_column vc_column_container vc_col-sm-12\"><div class=\"vc_column-inner\"><div class=\"wpb_wrapper\"><div role=\"form\" class=\"wpcf7\" id=\"wpcf7-f73574-o1\" lang=\"ro-RO\" dir=\"ltr\">\n<div class=\"screen-reader-response\"><p role=\"status\" aria-live=\"polite\" aria-atomic=\"true\"><\/p> <ul><\/ul><\/div>\n<form action=\"\/en\/wp-json\/wp\/v2\/pages\/43228#wpcf7-f73574-o1\" method=\"post\" class=\"wpcf7-form init\" novalidate=\"novalidate\" data-status=\"init\" data-trp-original-action=\"\/en\/wp-json\/wp\/v2\/pages\/43228#wpcf7-f73574-o1\">\n<div style=\"display: none;\">\n<input type=\"hidden\" name=\"_wpcf7\" value=\"73574\" \/>\n<input type=\"hidden\" name=\"_wpcf7_version\" value=\"5.6.3\" \/>\n<input type=\"hidden\" name=\"_wpcf7_locale\" value=\"ro_RO\" \/>\n<input type=\"hidden\" name=\"_wpcf7_unit_tag\" value=\"wpcf7-f73574-o1\" \/>\n<input type=\"hidden\" name=\"_wpcf7_container_post\" value=\"0\" \/>\n<input type=\"hidden\" name=\"_wpcf7_posted_data_hash\" value=\"\" \/>\n<\/div>\n<p class=\"width_50\"><span class=\"wpcf7-form-control-wrap\" data-name=\"your-name\"><input type=\"text\" name=\"your-name\" value=\"\" size=\"40\" class=\"wpcf7-form-control wpcf7-text wpcf7-validates-as-required\" aria-required=\"true\" aria-invalid=\"false\" placeholder=\"Nume, Prenume *\" \/><\/span><\/p>\n<p class=\"width_50\"><span class=\"wpcf7-form-control-wrap\" data-name=\"menu-124\"><select name=\"menu-124\" class=\"wpcf7-form-control wpcf7-select wpcf7-validates-as-required\" aria-required=\"true\" aria-invalid=\"false\"><option value=\"\">---<\/option><option value=\"Altele\">Altele<\/option><option value=\"Aleea Garii\">Aleea Garii<\/option><option value=\"Bd. C.Negruzzi\">Bd. C.Negruzzi<\/option><option value=\"str-la Negruzzi C.\">str-la Negruzzi C.<\/option><option value=\"bd. Dimitrie Cantemir\">bd. Dimitrie Cantemir<\/option><option value=\"bd. I. Gagarin\">bd. I. Gagarin<\/option><option value=\"bd. Stefan cel Mare si Sfint\">bd. Stefan cel Mare si Sfint<\/option><option value=\"str. 31 August 1989\">str. 31 August 1989<\/option><option value=\"str-la. 31 August 1989\">str-la. 31 August 1989<\/option><option value=\"str. Acad. I. Grosu\">str. Acad. I. Grosu<\/option><option value=\"str. Acad. Ilie Untila\">str. Acad. Ilie Untila<\/option><option value=\"str. Acad. Natalia Gherghiu\">str. Acad. Natalia Gherghiu<\/option><option value=\"str. Academiei\">str. Academiei<\/option><option value=\"str. actor Chiril Stirbu\">str. actor Chiril Stirbu<\/option><option value=\"str-la. actor Chiril Stirbu\">str-la. actor Chiril Stirbu<\/option><option value=\"str. Alecsandri Vasile\">str. Alecsandri Vasile<\/option><option value=\"str. Aman Tudor\">str. Aman Tudor<\/option><option value=\"str. Anestiade Nicolae\">str. Anestiade Nicolae<\/option><option value=\"str. Arborilor\">str. Arborilor<\/option><option value=\"str-la Arborilor\">str-la Arborilor<\/option><option value=\"str. Arheolog Ion Casian-Suruceanu\">str. Arheolog Ion Casian-Suruceanu<\/option><option value=\"str. Armeneasca\">str. Armeneasca<\/option><option value=\"str. Artarului\">str. Artarului<\/option><option value=\"str. av. Eugenia Crusevan\">str. av. Eugenia Crusevan<\/option><option value=\"str. Asachi Gh.\">str. Asachi Gh.<\/option><option value=\"str. Avicenna\">str. Avicenna<\/option><option value=\"str-la Avicenna\">str-la Avicenna<\/option><option value=\"str. Bacovia George\">str. Bacovia George<\/option><option value=\"str. Baltagi\">str. Baltagi<\/option><option value=\"str. Bazinului\">str. Bazinului<\/option><option value=\"str. Belsugului\">str. Belsugului<\/option><option value=\"str. Bernardazzi Al.\">str. Bernardazzi Al.<\/option><option value=\"str. Blaga Lucian\">str. Blaga Lucian<\/option><option value=\"str. Botu Pavel\">str. Botu Pavel<\/option><option value=\"str. Braila\">str. Braila<\/option><option value=\"str. Bucuresti\">str. Bucuresti<\/option><option value=\"str. Bugeacului\">str. Bugeacului<\/option><option value=\"str. Bujorilor\">str. Bujorilor<\/option><option value=\"str. Bulgara\">str. Bulgara<\/option><option value=\"Calea Basarabiei\">Calea Basarabiei<\/option><option value=\"Calea Mosilor\">Calea Mosilor<\/option><option value=\"str. Camenita\">str. Camenita<\/option><option value=\"str. Capricorn\">str. Capricorn<\/option><option value=\"str. Carbunari\">str. Carbunari<\/option><option value=\"str. Casu Gheorghe\">str. Casu Gheorghe<\/option><option value=\"str. Caucaz\">str. Caucaz<\/option><option value=\"str-la Caucaz 1\">str-la Caucaz 1<\/option><option value=\"str-la Caucaz 2\">str-la Caucaz 2<\/option><option value=\"str-la Caucaz 3\">str-la Caucaz 3<\/option><option value=\"str. Ceachir Mihail\">str. Ceachir Mihail<\/option><option value=\"str. Cernica\">str. Cernica<\/option><option value=\"str. Cheltuiala V.\">str. Cheltuiala V.<\/option><option value=\"str. Chitcani\">str. Chitcani<\/option><option value=\"str. Cimbrului\">str. Cimbrului<\/option><option value=\"str. Ciocirliei\">str. Ciocirliei<\/option><option value=\"str-la Ciocirliei 1\">str-la Ciocirliei 1<\/option><option value=\"str-la Ciocirliei 2\">str-la Ciocirliei 2<\/option><option value=\"str. Ciresilor\">str. Ciresilor<\/option><option value=\"str. Cismele\">str. Cismele<\/option><option value=\"str. Ciuflea\">str. Ciuflea<\/option><option value=\"str. Cocieri\">str. Cocieri<\/option><option value=\"str. Columna\">str. Columna<\/option><option value=\"str. Constanta\">str. Constanta<\/option><option value=\"str. Copaceni\">str. Copaceni<\/option><option value=\"str. Cosmescu Al.\">str. Cosmescu Al.<\/option><option value=\"str. Cosnita\">str. Cosnita<\/option><option value=\"str. Costesti\">str. Costesti<\/option><option value=\"str. Crihan Anton\">str. Crihan Anton<\/option><option value=\"str. Crinilor\">str. Crinilor<\/option><option value=\"str. Crisan Gh.\">str. Crisan Gh.<\/option><option value=\"str. Cristesti\">str. Cristesti<\/option><option value=\"str. Crizantemelor\">str. Crizantemelor<\/option><option value=\"str. Cupcea Valeriu\">str. Cupcea Valeriu<\/option><option value=\"str. David Aurel\">str. David Aurel<\/option><option value=\"str. Dealul Cucului\">str. Dealul Cucului<\/option><option value=\"str. Didic P.\">str. Didic P.<\/option><option value=\"str. Dimbului\">str. Dimbului<\/option><option value=\"str. Dokuceaev V.\">str. Dokuceaev V.<\/option><option value=\"str. Dr. Tudor Strisca\">str. Dr. Tudor Strisca<\/option><option value=\"str. Drumul Schinoasei\">str. Drumul Schinoasei<\/option><option value=\"str. Drumul Viilor\">str. Drumul Viilor<\/option><option value=\"str. Dumbravii\">str. Dumbravii<\/option><option value=\"str-la Dumbravii\">str-la Dumbravii<\/option><option value=\"str. Eliade Mircea\">str. Eliade Mircea<\/option><option value=\"str. Eminescu Mihai\">str. Eminescu Mihai<\/option><option value=\"str. Fecioarei\">str. Fecioarei<\/option><option value=\"str. Fierarilor\">str. Fierarilor<\/option><option value=\"str-la Fierarilor\">str-la Fierarilor<\/option><option value=\"str. Fintinilor\">str. Fintinilor<\/option><option value=\"str. Focsani\">str. Focsani<\/option><option value=\"str. Fratii Apostol\">str. Fratii Apostol<\/option><option value=\"str. Frumoasa\">str. Frumoasa<\/option><option value=\"str. Galati\">str. Galati<\/option><option value=\"str. Galbena\">str. Galbena<\/option><option value=\"str. Garii\">str. Garii<\/option><option value=\"str. Garoafelor\">str. Garoafelor<\/option><option value=\"str. Geamana Ilie\">str. Geamana Ilie<\/option><option value=\"str. Girlei\">str. Girlei<\/option><option value=\"str. Girlitei\">str. Girlitei<\/option><option value=\"str. Grenoble\">str. Grenoble<\/option><option value=\"str. Grivitei\">str. Grivitei<\/option><option value=\"str. Gutu Valentin\">str. Gutu Valentin<\/option><option value=\"sos. Hincesti\">sos. Hincesti<\/option><option value=\"str. Halippa Pan\">str. Halippa Pan<\/option><option value=\"str. Haltei\">str. Haltei<\/option><option value=\"str-la Haltei\">str-la Haltei<\/option><option value=\"str. Hristo Botev\">str. Hristo Botev<\/option><option value=\"str. Hrusca\">str. Hrusca<\/option><option value=\"str-la Hrusca\">str-la Hrusca<\/option><option value=\"str-la Herten\">str-la Herten<\/option><option value=\"str. Ialoveni\">str. Ialoveni<\/option><option value=\"str. Inculet Ion\">str. Inculet Ion<\/option><option value=\"str. Ismail\">str. Ismail<\/option><option value=\"str. Kaczynski Lech\">str. Kaczynski Lech<\/option><option value=\"str. Kogalniceanu Mihail\">str. Kogalniceanu Mihail<\/option><option value=\"str. Korolenco Vl.\">str. Korolenco Vl.<\/option><option value=\"str. Kovtun V.\">str. Kovtun V.<\/option><option value=\"str-la Kovtun V.\">str-la Kovtun V.<\/option><option value=\"str. Lacului\">str. Lacului<\/option><option value=\"str. Lamiitei\">str. Lamiitei<\/option><option value=\"str. Lapusnei\">str. Lapusnei<\/option><option value=\"str. Lermontov M.\">str. Lermontov M.<\/option><option value=\"str-la Lermontov M.\">str-la Lermontov M.<\/option><option value=\"str. Lomonosov M.\">str. Lomonosov M.<\/option><option value=\"str. Macesilor\">str. Macesilor<\/option><option value=\"str. Magurele\">str. Magurele<\/option><option value=\"str. Malai T.\">str. Malai T.<\/option><option value=\"str. Malarciuc Gheorghe\">str. Malarciuc Gheorghe<\/option><option value=\"str. Malina Mare\">str. Malina Mare<\/option><option value=\"str. Malina Mica\">str. Malina Mica<\/option><option value=\"str-la Malina Mica (fosta Usinski)\">str-la Malina Mica (fosta Usinski)<\/option><option value=\"str. Marasesti\">str. Marasesti<\/option><option value=\"str. Martisor\">str. Martisor<\/option><option value=\"str. Mateevici Alexe\">str. Mateevici Alexe<\/option><option value=\"str. Melestiu\">str. Melestiu<\/option><option value=\"str-la Melestiu\">str-la Melestiu<\/option><option value=\"str. Mendeleev D.\">str. Mendeleev D.<\/option><option value=\"str. Meniuc George\">str. Meniuc George<\/option><option value=\"str. Mereseni\">str. Mereseni<\/option><option value=\"str. Micle Veronica\">str. Micle Veronica<\/option><option value=\"str. Milesti\">str. Milesti<\/option><option value=\"str. Miorita\">str. Miorita<\/option><option value=\"str. Mitropolit Varlaam\">str. Mitropolit Varlaam<\/option><option value=\"str. Mitropolit Gurie Grosu\">str. Mitropolit Gurie Grosu<\/option><option value=\"str. Morosanu N.\">str. Morosanu N.<\/option><option value=\"str. Moruzi D.\">str. Moruzi D.<\/option><option value=\"str. Negresteni\">str. Negresteni<\/option><option value=\"str. Negureni\">str. Negureni<\/option><option value=\"str. Nistor I.\">str. Nistor I.<\/option><option value=\"str. Nucarilor\">str. Nucarilor<\/option><option value=\"str-la Nucarilor\">str-la Nucarilor<\/option><option value=\"str-la Nichita Smochina 1\">str-la Nichita Smochina 1<\/option><option value=\"str-la Nichita Smochina 2\">str-la Nichita Smochina 2<\/option><option value=\"str-la Nichita Smochina 3\">str-la Nichita Smochina 3<\/option><option value=\"str-la Nichita Smochina 4\">str-la Nichita Smochina 4<\/option><option value=\"str. Odesa\">str. Odesa<\/option><option value=\"str. Oituz\">str. Oituz<\/option><option value=\"str. Onesti\">str. Onesti<\/option><option value=\"str. Orhideelor\">str. Orhideelor<\/option><option value=\"Piata Garii\">Piata Garii<\/option><option value=\"str. Pascani\">str. Pascani<\/option><option value=\"str. Pietrarilor\">str. Pietrarilor<\/option><option value=\"str. Pircalab Vlaicu\">str. Pircalab Vlaicu<\/option><option value=\"str. Pirogov N.\">str. Pirogov N.<\/option><option value=\"str. Pomilor\">str. Pomilor<\/option><option value=\"str. Porumbitei\">str. Porumbitei<\/option><option value=\"str. primar Carol Schmidt\">str. primar Carol Schmidt<\/option><option value=\"str. prof. Ganea Ion\">str. prof. Ganea Ion<\/option><option value=\"str. Protoiereu M. Berezovschi\">str. Protoiereu M. Berezovschi<\/option><option value=\"str-la Protoiereu M. Berezovschi\">str-la Protoiereu M. Berezovschi<\/option><option value=\"str. Puskin A.\">str. Puskin A.<\/option><option value=\"str-la Parcului\">str-la Parcului<\/option><option value=\"str-la pictor Mihai Grecu\">str-la pictor Mihai Grecu<\/option><option value=\"str. Rindunele\">str. Rindunele<\/option><option value=\"str. Roguleni\">str. Roguleni<\/option><option value=\"str. Romantica\">str. Romantica<\/option><option value=\"str. Rosca Agnesa\">str. Rosca Agnesa<\/option><option value=\"str. Rovinari\">str. Rovinari<\/option><option value=\"str. Sarateni\">str. Sarateni<\/option><option value=\"str. Schinoasa\">str. Schinoasa<\/option><option value=\"str. Sciusev A.\">str. Sciusev A.<\/option><option value=\"str. Sclifos N.\">str. Sclifos N.<\/option><option value=\"str. Scoreni\">str. Scoreni<\/option><option value=\"str. Sfinta Vineri\">str. Sfinta Vineri<\/option><option value=\"str-la Sfinta Vineri\">str-la Sfinta Vineri<\/option><option value=\"str. Sihastrului\">str. Sihastrului<\/option><option value=\"str. Smochina Nichita\">str. Smochina Nichita<\/option><option value=\"str. Socilor\">str. Socilor<\/option><option value=\"str. Soroceanu Ip.\">str. Soroceanu Ip.<\/option><option value=\"str-la Soroceanu Ip.\">str-la Soroceanu Ip.<\/option><option value=\"str. Sperantei\">str. Sperantei<\/option><option value=\"str. Spicului\">str. Spicului<\/option><option value=\"str. Sprincenoaia\">str. Sprincenoaia<\/option><option value=\"str. Starostenco N.\">str. Starostenco N.<\/option><option value=\"str. Suruceni\">str. Suruceni<\/option><option value=\"str-la Stejereni\">str-la Stejereni<\/option><option value=\"str. Tabacaria Veche\">str. Tabacaria Veche<\/option><option value=\"str. Tatarbunar\">str. Tatarbunar<\/option><option value=\"str. Tecuci\">str. Tecuci<\/option><option value=\"str. Testemiteanu N.\">str. Testemiteanu N.<\/option><option value=\"str. Tighina\">str. Tighina<\/option><option value=\"str. Timis\">str. Timis<\/option><option value=\"str. Tiraspol\">str. Tiraspol<\/option><option value=\"str. Tisa\">str. Tisa<\/option><option value=\"str. Tolstoi Lev\">str. Tolstoi Lev<\/option><option value=\"str. Trifan Balta\">str. Trifan Balta<\/option><option value=\"str. Tudor Gheorghe\">str. Tudor Gheorghe<\/option><option value=\"str. Turturele\">str. Turturele<\/option><option value=\"str. Ungureanu Petre\">str. Ungureanu Petre<\/option><option value=\"str. Universitatii\">str. Universitatii<\/option><option value=\"str. Valea Dicescu\">str. Valea Dicescu<\/option><option value=\"str. Valea Podului\">str. Valea Podului<\/option><option value=\"str. Valea Rediului\">str. Valea Rediului<\/option><option value=\"str. Valea Trandafirilor\">str. Valea Trandafirilor<\/option><option value=\"str. Valeni\">str. Valeni<\/option><option value=\"str. Vasilenco Ion\">str. Vasilenco Ion<\/option><option value=\"str-la Vasilenco Ion\">str-la Vasilenco Ion<\/option><option value=\"str. Vatamanu Ion (fosta str. Herten)\">str. Vatamanu Ion (fosta str. Herten)<\/option><option value=\"str. Vilcele\">str. Vilcele<\/option><option value=\"str. Vinatorilor\">str. Vinatorilor<\/option><option value=\"str. Virnav Constantin\">str. Virnav Constantin<\/option><option value=\"str-la Virnav Constantin\">str-la Virnav Constantin<\/option><option value=\"str. Vlad Tepes\">str. Vlad Tepes<\/option><option value=\"str. Vlaicu Aurel\">str. Vlaicu Aurel<\/option><option value=\"str-la Valea Dicescu\">str-la Valea Dicescu<\/option><option value=\"str. Williams R.\">str. Williams R.<\/option><option value=\"str. Zaim\">str. Zaim<\/option><option value=\"str. Zaporojie\">str. Zaporojie<\/option><option value=\"str. Zodiac\">str. Zodiac<\/option><\/select><\/span><\/p>\n<p class=\"width_50\"><span class=\"wpcf7-form-control-wrap\" data-name=\"text-198\"><input type=\"text\" name=\"text-198\" value=\"\" size=\"40\" class=\"wpcf7-form-control wpcf7-text\" aria-invalid=\"false\" placeholder=\"Nr. Bloc *\" \/><\/span><\/p>\n<p class=\"width_50\"><span class=\"wpcf7-form-control-wrap\" data-name=\"number-465\"><input type=\"number\" name=\"number-465\" value=\"\" class=\"wpcf7-form-control wpcf7-number wpcf7-validates-as-required wpcf7-validates-as-number\" aria-required=\"true\" aria-invalid=\"false\" placeholder=\"Nr. Apartament *\" \/><\/span><\/p>\n<p class=\"width_50\"><span class=\"wpcf7-form-control-wrap\" data-name=\"tel-864\"><input type=\"tel\" name=\"tel-864\" value=\"\" size=\"40\" class=\"wpcf7-form-control wpcf7-text wpcf7-tel wpcf7-validates-as-tel\" aria-invalid=\"false\" placeholder=\"Telefon *\" \/><\/span><\/p>\n<p class=\"width_50\"><span class=\"wpcf7-form-control-wrap\" data-name=\"your-email\"><input type=\"email\" name=\"your-email\" value=\"\" size=\"40\" class=\"wpcf7-form-control wpcf7-text wpcf7-email wpcf7-validates-as-required wpcf7-validates-as-email\" aria-required=\"true\" aria-invalid=\"false\" placeholder=\"Email *\" \/><\/span><\/p>\n<p><span class=\"wpcf7-form-control-wrap\" data-name=\"menu-2\"><select name=\"menu-2\" class=\"wpcf7-form-control wpcf7-select wpcf7-validates-as-required\" aria-required=\"true\" aria-invalid=\"false\"><option value=\"\">---<\/option><option value=\"Altele\">Altele<\/option><option value=\"Comportamentul functionarilor in relatiile cu cetatenii\">Comportamentul functionarilor in relatiile cu cetatenii<\/option><option value=\"Privind hotararile Comisiei administrative\">Privind hotararile Comisiei administrative<\/option><option value=\"Respectarea regulilor de comert si prestari servicii\">Respectarea regulilor de comert si prestari servicii<\/option><option value=\"Instalarea pantelor\">Instalarea pantelor<\/option><option value=\"Parcari neautorizate\">Parcari neautorizate<\/option><option value=\"Constructii edificate de vecini\">Constructii edificate de vecini<\/option><option value=\"Amenajarea teritoriului\">Amenajarea teritoriului<\/option><option value=\"Reparatia apartamentelor, blocurilor, sistemelor ingineresti\">Reparatia apartamentelor, blocurilor, sistemelor ingineresti<\/option><option value=\"Activitatea APLP, ACC, CCL, CCG\">Activitatea APLP, ACC, CCL, CCG<\/option><option value=\"Activitatea Intreprinderilor Municipale de Gestionare a Fondului Locativ\">Activitatea Intreprinderilor Municipale de Gestionare a Fondului Locativ<\/option><option value=\"Recalcularea platilor pentru servicii comunale\">Recalcularea platilor pentru servicii comunale<\/option><option value=\"Calitatea serviciilor comunale\">Calitatea serviciilor comunale<\/option><option value=\"Protectia drepturilor copilului\">Protectia drepturilor copilului<\/option><option value=\"Respectarea ordinii publice\">Respectarea ordinii publice<\/option><option value=\"Cerere extras din arhiva Preturii\">Cerere extras din arhiva Preturii<\/option><option value=\"Cerere de acces la informatie\">Cerere de acces la informatie<\/option><\/select><\/span><\/p>\n<p><span class=\"wpcf7-form-control-wrap\" data-name=\"your-message\"><textarea name=\"your-message\" cols=\"40\" rows=\"10\" maxlength=\"5000\" class=\"wpcf7-form-control wpcf7-textarea\" aria-invalid=\"false\" placeholder=\"Mesaj *\"><\/textarea><\/span><\/p>\n<p><input type=\"submit\" value=\"Trimite Peti\u021bia\" class=\"wpcf7-form-control has-spinner wpcf7-submit\" \/><\/p>\n<p style=\"display: none !important;\"><label>&#916;<textarea name=\"_wpcf7_ak_hp_textarea\" cols=\"45\" rows=\"8\" maxlength=\"100\"><\/textarea><\/label><input type=\"hidden\" id=\"ak_js_1\" name=\"_wpcf7_ak_js\" value=\"94\"\/><script>document.getElementById( \"ak_js_1\" ).setAttribute( \"value\", ( new Date() ).getTime() );<\/script><\/p><div class=\"wpcf7-response-output\" aria-hidden=\"true\"><\/div><input type=\"hidden\" name=\"trp-form-language\" value=\"en\"\/><\/form><\/div><\/div><\/div><\/div><\/div>","protected":false},"excerpt":{"rendered":"<p>Scrie pretorului Biografie Nume: H\u00ceNCU Prenume: VADIM Data na\u015fterii: 16.01.1989 Locul na\u015fterii: or. Chi\u0219in\u0103u Educa\u021bie \u015fi formare: 1995-2004 &#8211; Liceul de Creativitate \u0219i Inventic\u0103 &#8222;Prometeu&#8221; mun. Chi\u0219in\u0103u; 2004-2008 &#8211; Colegiul Financiar Bancar &#8222;A. Diordi\u021b\u0103&#8221;, mun. Chi\u0219in\u0103u, specialitatea Finan\u021be Publice; 2008-2011 &#8211; Academia de Studii Economice, Licen\u021b\u0103, Business \u0219i Administrarea Afacerilor; 2011-2013 &#8211; Academia de Studii&hellip;<\/p>","protected":false},"author":1,"featured_media":0,"parent":0,"menu_order":0,"comment_status":"closed","ping_status":"closed","template":"","meta":[],"acf":[],"_links":{"self":[{"href":"https:\/\/chisinaucentru.md\/en\/wp-json\/wp\/v2\/pages\/43228"}],"collection":[{"href":"https:\/\/chisinaucentru.md\/en\/wp-json\/wp\/v2\/pages"}],"about":[{"href":"https:\/\/chisinaucentru.md\/en\/wp-json\/wp\/v2\/types\/page"}],"author":[{"embeddable":true,"href":"https:\/\/chisinaucentru.md\/en\/wp-json\/wp\/v2\/users\/1"}],"replies":[{"embeddable":true,"href":"https:\/\/chisinaucentru.md\/en\/wp-json\/wp\/v2\/comments?post=43228"}],"version-history":[{"count":10,"href":"https:\/\/chisinaucentru.md\/en\/wp-json\/wp\/v2\/pages\/43228\/revisions"}],"predecessor-version":[{"id":87759,"href":"https:\/\/chisinaucentru.md\/en\/wp-json\/wp\/v2\/pages\/43228\/revisions\/87759"}],"wp:attachment":[{"href":"https:\/\/chisinaucentru.md\/en\/wp-json\/wp\/v2\/media?parent=43228"}],"curies":[{"name":"wp","href":"https:\/\/api.w.org\/{rel}","templated":true}]}}