{"id":43167,"date":"2016-10-17T08:41:06","date_gmt":"2016-10-17T08:41:06","guid":{"rendered":"http:\/\/chisinaucentru.koz.md\/?page_id=43167"},"modified":"2025-03-11T10:42:14","modified_gmt":"2025-03-11T08:42:14","slug":"conducerea","status":"publish","type":"page","link":"https:\/\/chisinaucentru.md\/en\/conducerea\/","title":{"rendered":"Pretorul"},"content":{"rendered":"<div class=\"vc_row wpb_row vc_row-fluid dt-default\" style=\"margin-top: 0px;margin-bottom: 0px\"><div class=\"wpb_column vc_column_container vc_col-sm-2\"><div class=\"vc_column-inner\"><div class=\"wpb_wrapper\"><\/div><\/div><\/div><div class=\"wpb_column vc_column_container vc_col-sm-8\"><div class=\"vc_column-inner\"><div class=\"wpb_wrapper\"><div class=\"ult-team-member-wrap ult-style-1   vc_custom_1741682529231\"><a href=\"https:\/\/chisinaucentru.md\/en\/hincu-vadim\/\" ><div class=\"ult-team-member-image\" style=\"\"> <img class=\"ult-team-grayscale\" src=\"https:\/\/chisinaucentru.md\/wp-content\/uploads\/2025\/03\/374681305_854276179594751_8117748052167095739_n.jpg\" alt=\"null\"  style=\"\"><span class=\"ult-team-member-image-overlay ult-team_img_hover\" data-background_clr = \"rgba(30,115,190,0.3)\" ><\/span><\/div><\/a><div class=\"ult-team-member-bio-wrap style-1 ultimate-heading69fb487c7fef9\" style=\"text-align:center;; \"><div class=\"ult-team-member-name-wrap\"><a href=\"https:\/\/chisinaucentru.md\/en\/hincu-vadim\/\"  style=\"text-decoration: none;\"><h2 class=\"ult-team-member-name ult-responsive\"  data-ultimate-target='.ult-team-member-bio-wrap.ultimate-heading69fb487c7fef9 .ult-team-member-name'  data-responsive-json-new='{\"font-size\":\"desktop:30px;\",\"line-height\":\"\"}'  style=\"\">H\u00ceNCU VADIM<\/h2><\/a><div class=\"ult-team-member-position ult-responsive\"  data-ultimate-target='.ult-team-member-bio-wrap.ultimate-heading69fb487c7fef9 .ult-team-member-position'  data-responsive-json-new='{\"font-size\":\"desktop:20px;\",\"line-height\":\"\"}'  style=\"font-weight:bold;;color:rgba(30,115,190,0.6);\">Pretor<\/div><div class=\"ult-team-member-description ult-responsive\"  data-ultimate-target='.ult-team-member-bio-wrap.ultimate-heading69fb487c7fef9 .ult-team-member-description'  data-responsive-json-new='{\"font-size\":\"\",\"line-height\":\"\"}'  style=\"\"><p>Conduce activitatea general\u0103 a Preturii, direc\u0163iilor, sec\u0163iilor \u015fi serviciilor din subordinea acesteia, exercit\u00e2ndu-\u015fi atribu\u0163iile ce-i revin conform legisla\u0163iei;<\/p><\/div><div style=\"margin-bottom:15px\"><\/div><\/div><\/div><\/div><\/div><\/div><\/div><div class=\"wpb_column vc_column_container vc_col-sm-2\"><div class=\"vc_column-inner\"><div class=\"wpb_wrapper\"><\/div><\/div><\/div><\/div>","protected":false},"excerpt":{"rendered":"<p>H\u00ceNCU VADIMPretorConduce activitatea general\u0103 a Preturii, direc\u0163iilor, sec\u0163iilor \u015fi serviciilor din subordinea acesteia, exercit\u00e2ndu-\u015fi atribu\u0163iile ce-i revin conform legisla\u0163iei;<\/p>","protected":false},"author":1,"featured_media":0,"parent":0,"menu_order":0,"comment_status":"closed","ping_status":"closed","template":"","meta":[],"acf":[],"_links":{"self":[{"href":"https:\/\/chisinaucentru.md\/en\/wp-json\/wp\/v2\/pages\/43167"}],"collection":[{"href":"https:\/\/chisinaucentru.md\/en\/wp-json\/wp\/v2\/pages"}],"about":[{"href":"https:\/\/chisinaucentru.md\/en\/wp-json\/wp\/v2\/types\/page"}],"author":[{"embeddable":true,"href":"https:\/\/chisinaucentru.md\/en\/wp-json\/wp\/v2\/users\/1"}],"replies":[{"embeddable":true,"href":"https:\/\/chisinaucentru.md\/en\/wp-json\/wp\/v2\/comments?post=43167"}],"version-history":[{"count":5,"href":"https:\/\/chisinaucentru.md\/en\/wp-json\/wp\/v2\/pages\/43167\/revisions"}],"predecessor-version":[{"id":87910,"href":"https:\/\/chisinaucentru.md\/en\/wp-json\/wp\/v2\/pages\/43167\/revisions\/87910"}],"wp:attachment":[{"href":"https:\/\/chisinaucentru.md\/en\/wp-json\/wp\/v2\/media?parent=43167"}],"curies":[{"name":"wp","href":"https:\/\/api.w.org\/{rel}","templated":true}]}}